{"id":921,"date":"2016-10-01T01:43:28","date_gmt":"2016-09-30T23:43:28","guid":{"rendered":"http:\/\/spieltz.de\/agentur\/?page_id=921"},"modified":"2016-10-01T03:29:04","modified_gmt":"2016-10-01T01:29:04","slug":"brettspiel-bedrucken-mit-logo","status":"publish","type":"page","link":"https:\/\/spieltz.de\/agentur\/werbespiele\/brettspiel-bedrucken-mit-logo\/","title":{"rendered":"Brettspiel bedrucken mit Logo"},"content":{"rendered":"<h2>Brettspiel\u00a0bedrucken mit Logo<\/h2>\n<p>Sie wollen ein Brettspiel\u00a0bedrucken mit Ihrem Logo, z.B.\u00a0als Geschenk f\u00fcr Ihre Kunden oder Mitarbeiter?<br \/>\nDann sind Sie bei uns genau richtig!<\/p>\n<p><img decoding=\"async\" class=\"ngg_displayed_gallery mceItem\" src=\"http:\/\/spieltz.de\/agentur\/nextgen-attach_to_post\/preview\/id--912\" alt=\"\" data-mce-placeholder=\"1\" \/><\/p>\n<p>In unserem <a href=\"http:\/\/spieltz.de\/werbespiele\/\" target=\"_blank\">Werbespiele Shop<\/a>\u00a0finden Sie mehr als f\u00fcnfzig verschiedene Spiele\u00a0zu unterschiedlichen Thema und Anl\u00e4ssen. Kartenspiele, Brettspiele, rollbare Spiele und spielbare Postkarten, in verschiedenen Gr\u00f6\u00dfen und Ausf\u00fchrungen.\u00a0Das sind einerseits Klassiker \/ traditionelle Spiele wie z.B. Backgammon, M\u00fchle oder Halma, die schon seit langer Zeit\u00a0bekannt sind und weltweit gespielt werden. Andererseits\u00a0hat unser Team neue\u00a0Spielkonzepte entwickelt, die sich gut als Basis f\u00fcr Werbespiele eignen.<\/p>\n<h3>Brettspiel bedrucken<\/h3>\n<p>Jedes Spiel aus unserem Shop k\u00f6nnen wir f\u00fcr Sie mit Ihrem Logo bedrucken. Ihr Logo wird auf den Spielplan und auf die Verpackung gedruckt. Gerne\u00a0passen wir das komplette Brettspiel (Spielplan, Verpackung) an die CI Ihres Unternehmens an. Auch passende Spielfiguren haben wir auf Lager\u00a0&#8211; z.B. klassische Halmakegel in mehr als 30 verschiedenen Farben.<\/p>\n<p><a href=\"http:\/\/spieltz.de\/agentur\/wp-content\/uploads\/2016\/10\/brettspiel-bedrucken-mit-logo-dame.jpg\" rel=\"attachment wp-att-936\"><img loading=\"lazy\" decoding=\"async\" class=\"alignnone size-full wp-image-936\" src=\"http:\/\/spieltz.de\/agentur\/wp-content\/uploads\/2016\/10\/brettspiel-bedrucken-mit-logo-dame.jpg\" alt=\"brettspiel bedrucken dame\" width=\"5184\" height=\"2208\" \/><\/a><\/p>\n<h3>Kartenspiel bedrucken<\/h3>\n<p>Bei Kartenspielen k\u00f6nnen Sie w\u00e4hlen, ob Ihr Logo auf die R\u00fcckseite jeder Karte oder nur auf die Verpackung gedruckt wird.<\/p>\n<h3>Auflagenh\u00f6he<\/h3>\n<p>Wir produzieren f\u00fcr Sie individuelle Spiele in Auflagenh\u00f6hen\u00a0zwischen 10 und 10.000 Spielen. Kartenspiele und rollbare Spiele (gedruckt auf LKW-Plane, verpackt in eine Rolle) schon ab 10 Spielen, klassisch produzierte Brettspiele (Spielbrett, verpackt in eine St\u00fclpdeckelschachtel) ab 100 Spielen.<\/p>\n<div>\n<h3>Preise f\u00fcr die Spiele aus unserem Werbespiele-Shop<\/h3>\n<p>In unserem\u00a0<a href=\"http:\/\/spieltz.de\/werbespiele\/\" target=\"_blank\">Werbespiele Shop<\/a> gibt es zu\u00a0jedem Spiel eine Preisliste mit Staffelpreisen. Sie finden in den Listen Preise f\u00fcr verschiedene Gr\u00f6\u00dfen (Reisespiel, Standardspiel, Maxi-Spiel), mit oder ohne Werbeaufdruck.<\/p>\n<div>\n<h3>Entwicklung eines komplett eigenen Spiels f\u00fcr Sie<\/h3>\n<p>Sollten Sie in unserem Shop nicht f\u00fcndig werden, entwickeln wir gerne ein komplett eigenes Spiel f\u00fcr Ihr Unternehmen<br \/>\nWir entwickeln komplette Spiele oder \u00fcbernehmen einzelne Aufgaben, wie z.B. Themenrecherche, grafische Umsetzung,\u00a0Text oder\u00a0Lektorat.<br \/>\n<a href=\"mailto: info@spieltz.de\" target=\"_blank\">Fragen Sie nach einem individuellen Angebot.<\/a><\/p>\n<h3>Spieltz Produktion<\/h3>\n<p>Wir produzieren nicht nur von uns entwickelte\u00a0Spiele \u2013 gerne sind wir auch Ihr Partner f\u00fcr die Produktion von Spielen, die Sie selbst entwickelt und umgesetzt haben.\u00a0Wir fertigen komplette Spiele an, Sie k\u00f6nnen aber auch einzelne Komponenten bestellen. Ob Brettspiele, Karten oder Memospiele \u2013 in unserer Preisliste finden Sie Preisstaffeln von Auflagen zwischen 1 und 10.000 Spiele.<\/p>\n<p><a href=\"http:\/\/spieltz.de\/agentur\/ueber-uns\/preise-preislisten\/\" target=\"_blank\">HIER\u00a0finden Sie unsere Preislisten f\u00fcr die Spiele-Produktion.<\/a><\/p>\n<\/div>\n<\/div>\n<h3>\u00a0<em>&#8212;<\/em><\/h3>\n<p><em>keywords: brettspiel\u00a0bedrucken,\u00a0brettspiel bedrucken mit logo, werbegeschenke, kundengeschenke<\/em><\/p>\n","protected":false},"excerpt":{"rendered":"<p>Brettspiel\u00a0bedrucken mit Logo Sie wollen ein Brettspiel\u00a0bedrucken mit Ihrem Logo, z.B.\u00a0als Geschenk f\u00fcr Ihre Kunden oder Mitarbeiter? Dann sind Sie bei uns genau richtig! In unserem Werbespiele Shop\u00a0finden Sie mehr als f\u00fcnfzig verschiedene Spiele\u00a0zu unterschiedlichen Thema und Anl\u00e4ssen. Kartenspiele, Brettspiele, rollbare Spiele und spielbare Postkarten, in verschiedenen Gr\u00f6\u00dfen und Ausf\u00fchrungen.\u00a0Das sind einerseits Klassiker \/ traditionelle [&hellip;]<\/p>\n","protected":false},"author":1,"featured_media":936,"parent":59,"menu_order":0,"comment_status":"closed","ping_status":"closed","template":"","meta":{"_themeisle_gutenberg_block_has_review":false,"footnotes":""},"_links":{"self":[{"href":"https:\/\/spieltz.de\/agentur\/wp-json\/wp\/v2\/pages\/921"}],"collection":[{"href":"https:\/\/spieltz.de\/agentur\/wp-json\/wp\/v2\/pages"}],"about":[{"href":"https:\/\/spieltz.de\/agentur\/wp-json\/wp\/v2\/types\/page"}],"author":[{"embeddable":true,"href":"https:\/\/spieltz.de\/agentur\/wp-json\/wp\/v2\/users\/1"}],"replies":[{"embeddable":true,"href":"https:\/\/spieltz.de\/agentur\/wp-json\/wp\/v2\/comments?post=921"}],"version-history":[{"count":10,"href":"https:\/\/spieltz.de\/agentur\/wp-json\/wp\/v2\/pages\/921\/revisions"}],"predecessor-version":[{"id":945,"href":"https:\/\/spieltz.de\/agentur\/wp-json\/wp\/v2\/pages\/921\/revisions\/945"}],"up":[{"embeddable":true,"href":"https:\/\/spieltz.de\/agentur\/wp-json\/wp\/v2\/pages\/59"}],"wp:featuredmedia":[{"embeddable":true,"href":"https:\/\/spieltz.de\/agentur\/wp-json\/wp\/v2\/media\/936"}],"wp:attachment":[{"href":"https:\/\/spieltz.de\/agentur\/wp-json\/wp\/v2\/media?parent=921"}],"curies":[{"name":"wp","href":"https:\/\/api.w.org\/{rel}","templated":true}]}}