{"id":864,"date":"2016-07-01T00:30:59","date_gmt":"2016-06-30T22:30:59","guid":{"rendered":"http:\/\/spieltz.de\/agentur\/?page_id=864"},"modified":"2016-07-01T01:30:10","modified_gmt":"2016-06-30T23:30:10","slug":"quizspiel-fuer-schulung","status":"publish","type":"page","link":"https:\/\/spieltz.de\/agentur\/spielentwicklung\/quizspiel-fuer-schulung\/","title":{"rendered":"Quizspiel f\u00fcr Schulungen"},"content":{"rendered":"<p>Quizspiele erfreuen sich gro\u00dfer Beliebtheit. Im Rahmen von Firmen-Schulungen, F\u00fchrungskr\u00e4fte- und\u00a0Mitarbeiter-Trainings oder Workshops lassen sich Quizspiele gut einsetzen, um Wissen zu vermitteln, zu \u00fcberpr\u00fcfen oder zu vertiefen.<\/p>\n<p>Ein Quizspiel f\u00fcr eine Schulung muss andere Bedingungen erf\u00fcllen als eines, das in der Freizeit gespielt wird. Gerne beraten wir Sie zur\u00a0Spielentwicklung oder entwickeln ein passendes Spiel f\u00fcr Sie. Melden Sie sich am besten <a href=\"mailto: info@spieltz.de\" target=\"_blank\">per Mail f\u00fcr ein erstes Gespr\u00e4ch<\/a>.<\/p>\n<p>Folgende Fragen sollten Sie sich vor der Entwicklung eines Quizspiels zu Schulungszwecken stellen:<\/p>\n<h3>Quizspiel f\u00fcr Schulung \u2013 Briefing<\/h3>\n<p>\u2022 Was genau sollen die Spieler in der Schulung lernen \/ vermittelt bekommen?<\/p>\n<p>\u2022 Sollen die Spieler im Spiel neue Inhalte erfahren oder bereits Gelerntes vertiefen?<\/p>\n<p>\u2022 Wie viele Spieler sind vorgesehen (von&#8230; bis)?<\/p>\n<p>\u2022 Wie lange soll das Spiel dauern?<\/p>\n<p>\u2022 Wird das Spiel von den Schulungsteilnehmern nur 1 x oder mehrmals gespielt?<\/p>\n<p>\u2022 Sollen ALLE Fragen, die Sie vorbereiten, im Spiel beantwortet werden (ev. in einer bestimmten Reihenfolge) oder soll ein Pool an Fragen zur Verf\u00fcgung gestellt werden, aus dem die Spieler im Spielverlauf welche ziehen? (-&gt; Somit werden einige Fragen nach dem Zufallsprinzip ausgew\u00e4hlt, die anderen kommen im Spielverlauf gar nicht vor.)<\/p>\n<p>\u2022 Soll in JEDEM Spielzug eine Aktion (z.B. Frage beantworten) stattfinden oder soll es Spielz\u00fcge geben, in der ein Spieler \/ eine Gruppe keine Aktion durchf\u00fchren kann.<\/p>\n<p>\u2022 Soll es a. ein kooperatives Spiel sein &#8222;Alle Spieler gegen das Spiel&#8220;<br \/>\n&#8211; oder sollen b. die Spieler \/ Gruppen gegeneinander spielen?<\/p>\n<p><em>Zu a: meistens wird eine Zeit vereinbart, in der Aufgaben zu l\u00f6sen sind. Schaffen die Spieler das, haben sie gewonnen. Schaffen sie es nicht, haben sie als Gruppe gegen das Spiel verloren.<\/em><\/p>\n<p>\u2022 Wenn b: Sollen die Spieler einzeln gegeneinander antreten oder soll es Gruppen geben? Wenn Gruppen: Wie viele Gruppen und wie gro\u00df d\u00fcrfen die Gruppen sein?<\/p>\n<p>\u2022 Soll es Fragen aus <em>verschiedenen<\/em> Kategorien geben?<\/p>\n<p>\u2022 Soll es Multiple-Choice Fragen oder offene Fragen geben (oder beides, gemischt).<\/p>\n<p>\u2022 Soll es Fragen mit unterschiedlichen Schwierigkeits-Graden geben?<br \/>\n<em>(dann k\u00f6nnen z.B. f\u00fcr schwierigere Fragen mehr Credits vergeben werden als f\u00fcr einfachere, oder man zieht nach Beantwortung seine Spielfigur mehr Felder nach vorne).<\/em><\/p>\n<p>\u2022 Sollen au\u00dfer dem Spielelement Frage-&gt; Antwort noch andere Elemente eingebaut werden? Z.B. Gruppen-Diskussionen, Aufgaben l\u00f6sen im Rollenspiel, Begriffe zeichnen oder pantomimisch darstellen.<\/p>\n<p>\u2022 Was soll das Ziel des Spiels sein, wie wird der Gewinner ermittelt?<br \/>\n<em>Wenn es das Ziel des Spiels ist, die meisten, oder die schwierigsten (wenn unterschiedliche Schwierigkeitsgrade gegeben sind) \u00a0Fragen innerhalb einer best. Zeit zu beantworten, kann der Gewinner durch Punktevergabe ermittelt werden, oder es darf nach jeder richtig beantworteten Frage gezogen werden und gewinnt derjenige, der als Erster im Ziel ist.<\/em><\/p>\n<p>&#8212;<\/p>\n<p>keywords: quizspiel f\u00fcr schulung, spiel, training, workshop<\/p>\n","protected":false},"excerpt":{"rendered":"<p>Quizspiele erfreuen sich gro\u00dfer Beliebtheit. Im Rahmen von Firmen-Schulungen, F\u00fchrungskr\u00e4fte- und\u00a0Mitarbeiter-Trainings oder Workshops lassen sich Quizspiele gut einsetzen, um Wissen zu vermitteln, zu \u00fcberpr\u00fcfen oder zu vertiefen. Ein Quizspiel f\u00fcr eine Schulung muss andere Bedingungen erf\u00fcllen als eines, das in der Freizeit gespielt wird. Gerne beraten wir Sie zur\u00a0Spielentwicklung oder entwickeln ein passendes Spiel f\u00fcr [&hellip;]<\/p>\n","protected":false},"author":1,"featured_media":0,"parent":2,"menu_order":0,"comment_status":"closed","ping_status":"closed","template":"","meta":{"_themeisle_gutenberg_block_has_review":false,"footnotes":""},"_links":{"self":[{"href":"https:\/\/spieltz.de\/agentur\/wp-json\/wp\/v2\/pages\/864"}],"collection":[{"href":"https:\/\/spieltz.de\/agentur\/wp-json\/wp\/v2\/pages"}],"about":[{"href":"https:\/\/spieltz.de\/agentur\/wp-json\/wp\/v2\/types\/page"}],"author":[{"embeddable":true,"href":"https:\/\/spieltz.de\/agentur\/wp-json\/wp\/v2\/users\/1"}],"replies":[{"embeddable":true,"href":"https:\/\/spieltz.de\/agentur\/wp-json\/wp\/v2\/comments?post=864"}],"version-history":[{"count":4,"href":"https:\/\/spieltz.de\/agentur\/wp-json\/wp\/v2\/pages\/864\/revisions"}],"predecessor-version":[{"id":871,"href":"https:\/\/spieltz.de\/agentur\/wp-json\/wp\/v2\/pages\/864\/revisions\/871"}],"up":[{"embeddable":true,"href":"https:\/\/spieltz.de\/agentur\/wp-json\/wp\/v2\/pages\/2"}],"wp:attachment":[{"href":"https:\/\/spieltz.de\/agentur\/wp-json\/wp\/v2\/media?parent=864"}],"curies":[{"name":"wp","href":"https:\/\/api.w.org\/{rel}","templated":true}]}}