{"id":840,"date":"2016-05-30T02:51:12","date_gmt":"2016-05-30T00:51:12","guid":{"rendered":"http:\/\/spieltz.de\/agentur\/?page_id=840"},"modified":"2019-09-29T22:59:57","modified_gmt":"2019-09-29T20:59:57","slug":"spielkarten-drucken-kartenspiele","status":"publish","type":"page","link":"https:\/\/spieltz.de\/agentur\/produktion\/spielkarten-drucken-kartenspiele\/","title":{"rendered":"Spielkarten drucken"},"content":{"rendered":"<p><a href=\"http:\/\/spieltz.de\/agentur\/wp-content\/uploads\/2016\/05\/spielkarten-drucken-636x275-2.jpg\" rel=\"attachment wp-att-850\"><img loading=\"lazy\" decoding=\"async\" class=\"alignnone size-full wp-image-850\" src=\"http:\/\/spieltz.de\/agentur\/wp-content\/uploads\/2016\/05\/spielkarten-drucken-636x275-2.jpg\" alt=\"Spielkarten drucken\" width=\"869\" height=\"376\" srcset=\"https:\/\/spieltz.de\/agentur\/wp-content\/uploads\/2016\/05\/spielkarten-drucken-636x275-2.jpg 869w, https:\/\/spieltz.de\/agentur\/wp-content\/uploads\/2016\/05\/spielkarten-drucken-636x275-2-300x130.jpg 300w, https:\/\/spieltz.de\/agentur\/wp-content\/uploads\/2016\/05\/spielkarten-drucken-636x275-2-768x332.jpg 768w\" sizes=\"(max-width: 869px) 100vw, 869px\" \/><\/a><\/p>\n<h3>Spielkarten drucken bei Spieltz<\/h3>\n<p>Spielkarten drucken wir je nach <span style=\"text-decoration: underline;\">gew\u00fcnschter Auflagenh\u00f6he<\/span> und <span style=\"text-decoration: underline;\">verf\u00fcgbarer Zeit<\/span> entweder im Digitaldruck oder im Offset-Druck. Wir bieten folgende Optionen an:<\/p>\n<h4>A. Spielkarten drucken in Kleinauflagen (bis 300 Spiele)<\/h4>\n<p>Spielkarten in Auflagen bis etwa 300 Spiele drucken wir\u00a0im Digitaldruckverfahren. Die Karten werden auf B\u00f6gen gedruckt &#8211; wie viele Karten auf einen Bogen passen h\u00e4ngt von der gew\u00fcnschten Kartengr\u00f6\u00dfe ab. Bei Standardgr\u00f6\u00dfe 59 x 91 mm passen z.B. 21 Karten auf einen Bogen.<\/p>\n<p>Nach dem Druck werden die Karten\u00a0im Stapel geschnitten. Der Schnittbereich wird individuell f\u00fcr Ihre Karten festgelegt, es fallen keine Werkzeugkosten an. Im Prinzip ist jedes Ma\u00df herstellbar, allerdings m\u00fcssen\u00a0wir darauf achten, dass die B\u00f6gen gut genutzt werden, um die Materialkosten gering zu halten.<\/p>\n<p>Ecken werden auf Wunsch abgerundet.<\/p>\n<p>Wir drucken auf\u00a0310 g Spielkartenkarton. Dieser ist elastisch, biegsam, und &#8211;\u00a0aufgrund der Sperrschicht in der Mitte der Karte &#8211; nicht durchscheinend.<\/p>\n<p><strong>Produktionszeit f\u00fcr Kleinauflagen (bis 300 Spiele)<\/strong><\/p>\n<p>Druck schnell, kurze Lieferzeit: F\u00fcr die Produktion von bis zu 300 Kartenspielen brauchen wir\u00a0etwa 1 &#8211; 2 Wochen ab Druckfreigabe.<\/p>\n<p><strong>Verpackung von Kartenspielen in Kleinauflagen<\/strong><\/p>\n<p>Auf Lager haben wir f\u00fcr die Verpackung von Kartenspielen klassische durchsichtige\u00a0PVC-Kartenboxen sowie bedruckbare Leinenbeutel.<\/p>\n<p><a href=\"http:\/\/spieltz.de\/agentur\/preise-preislisten\/\" target=\"_blank\">Zu unserer Preisliste f\u00fcr die Produktion.<\/a><\/p>\n<h4>B. Spielkarten drucken in gr\u00f6\u00dferen Auflagen (mehr als 300 Spiele)<\/h4>\n<p>Sollen mehr als 300 Kartenspiele\u00a0hergestellt werden, drucken wir im Offset-Druck.<br \/>\nDie Karten werden auf B\u00f6gen gedruckt und anschlie\u00dfend gestanzt.<br \/>\nStanzen\u00a0liegen\u00a0in mehreren Gr\u00f6\u00dfen vor, z.B. in Gr\u00f6\u00dfe\u00a059 x 92 mm, mit runden oder spitzen Ecken.<br \/>\nFragen Sie nach unseren Standardgr\u00f6\u00dfen!<br \/>\nIndividuelle Gr\u00f6\u00dfen und Sonderformen sind m\u00f6glich, daf\u00fcr muss aber ein\u00a0eigenes Werkzeug hergestellt werden &#8211;\u00a0daher fallen zus\u00e4tzlich zu den Produktionskosten Werkzeugkosten an.<\/p>\n<p><strong>Produktionszeit f\u00fcr gr\u00f6\u00dfere Auflagen\u00a0(mehr als 300 Spiele)<\/strong><\/p>\n<p>Diese Variante erfordert mehr Zeit \u2013 Produktionszeit ab Druckfreigabe etwa 4 Wochen (wenn wir ein Standard-Werkzeug verwenden k\u00f6nnen) und etwa 6 Wochen (wenn ein neues Werkzeug f\u00fcr eine Sondergr\u00f6\u00dfe hergestellt werden muss).<br \/>\nDie Produktionszeit variiert je nach Auslastung. Zwischen September und Weihnachten kann es zu l\u00e4ngeren Lieferzeiten kommen.<\/p>\n<p><strong>Verpackung von Kartenspielen in\u00a0gr\u00f6\u00dferen Auflagen<\/strong><\/p>\n<p>Wenn wir Kartenspiele in gr\u00f6\u00dferen Auflagen produzieren, werden diese cellophaniert, zus\u00e4tzlich stehen Ihnen folgende Verpackungsarten zur Verf\u00fcgung:<\/p>\n<ul>\n<li>PVC-Box<\/li>\n<li>bedruckter Leinen-Beutel<\/li>\n<li>Faltschachtel<\/li>\n<li>St\u00fclpdeckelschachtel<\/li>\n<\/ul>\n<p>Fordern Sie f\u00fcr den Druck von Spielkarten in einer gr\u00f6\u00dferen Auflage ein individuelles Angebot an. <a href=\"http:\/\/spieltz.de\/agentur\/preise-preislisten\/angebot-einholen\/\" target=\"_blank\">Hier<\/a> finden Sie eine \u00dcbersicht der Parameter, die wir f\u00fcr die Erstellung eines Angebotes brauchen.<\/p>\n<h3>Arbeitsschritte vor dem Druck: Grafische Umsetzung \/ Text \/ Lektorat von Kartenspielen<\/h3>\n<p>Spielkarten drucken wir<\/p>\n<ul>\n<li class=\"entry-content\">entweder nach Ihren Druckdateien<\/li>\n<li class=\"entry-content\">oder Sie beauftragen uns f\u00fcr die Erstellung der\u00a0Karten. Wir unterst\u00fctzen Sie gerne bei allen Arbeitsschritten: Konzeption des Spiels, grafische Umsetzung, Text, Lektorat.<\/li>\n<\/ul>\n<p><em>Keywords: spielkarten drucken, spielkarten herstellen, kartenspiele produzieren\u00a0<\/em><\/p>\n","protected":false},"excerpt":{"rendered":"<p>Spielkarten drucken bei Spieltz Spielkarten drucken wir je nach gew\u00fcnschter Auflagenh\u00f6he und verf\u00fcgbarer Zeit entweder im Digitaldruck oder im Offset-Druck. Wir bieten folgende Optionen an: A. Spielkarten drucken in Kleinauflagen (bis 300 Spiele) Spielkarten in Auflagen bis etwa 300 Spiele drucken wir\u00a0im Digitaldruckverfahren. Die Karten werden auf B\u00f6gen gedruckt &#8211; wie viele Karten auf einen [&hellip;]<\/p>\n","protected":false},"author":1,"featured_media":844,"parent":61,"menu_order":0,"comment_status":"closed","ping_status":"closed","template":"","meta":{"_themeisle_gutenberg_block_has_review":false,"footnotes":""},"_links":{"self":[{"href":"https:\/\/spieltz.de\/agentur\/wp-json\/wp\/v2\/pages\/840"}],"collection":[{"href":"https:\/\/spieltz.de\/agentur\/wp-json\/wp\/v2\/pages"}],"about":[{"href":"https:\/\/spieltz.de\/agentur\/wp-json\/wp\/v2\/types\/page"}],"author":[{"embeddable":true,"href":"https:\/\/spieltz.de\/agentur\/wp-json\/wp\/v2\/users\/1"}],"replies":[{"embeddable":true,"href":"https:\/\/spieltz.de\/agentur\/wp-json\/wp\/v2\/comments?post=840"}],"version-history":[{"count":12,"href":"https:\/\/spieltz.de\/agentur\/wp-json\/wp\/v2\/pages\/840\/revisions"}],"predecessor-version":[{"id":1208,"href":"https:\/\/spieltz.de\/agentur\/wp-json\/wp\/v2\/pages\/840\/revisions\/1208"}],"up":[{"embeddable":true,"href":"https:\/\/spieltz.de\/agentur\/wp-json\/wp\/v2\/pages\/61"}],"wp:featuredmedia":[{"embeddable":true,"href":"https:\/\/spieltz.de\/agentur\/wp-json\/wp\/v2\/media\/844"}],"wp:attachment":[{"href":"https:\/\/spieltz.de\/agentur\/wp-json\/wp\/v2\/media?parent=840"}],"curies":[{"name":"wp","href":"https:\/\/api.w.org\/{rel}","templated":true}]}}