{"id":715,"date":"2016-01-07T23:01:22","date_gmt":"2016-01-07T21:01:22","guid":{"rendered":"http:\/\/spieltz.de\/agentur\/?page_id=715"},"modified":"2016-01-07T23:01:22","modified_gmt":"2016-01-07T21:01:22","slug":"werbemittel-werbeartikel-eigenes-spiel-als-werbegeschenk","status":"publish","type":"page","link":"https:\/\/spieltz.de\/agentur\/werbemittel-werbeartikel-eigenes-spiel-als-werbegeschenk\/","title":{"rendered":"Werbemittel: Ihr eigenes Spiel als Werbegeschenk"},"content":{"rendered":"<h3>Werbemittel: Ihr eigenes Spiel als Werbegeschenk<\/h3>\n<p>Wer auf der Suche nach Werbegeschenken ist, steht vor einer gro\u00dfen Herausforderung: Das Geschenk soll etwas Besonderes sein. Etwas, das\u00a0der Beschenkte\u00a0garantiert noch nicht hat. Etwas, zu dem der Beschenkte\u00a0&#8222;DAS ist aber eine tolle Idee &#8211; wie originell!&#8220; sagt. Etwas, das der Beschenkte gerne benutzt\u00a0\u2013 am besten in geselliger Runde &#8211; denn Sie wollen sich ja immer wieder ins Gespr\u00e4ch\u00a0bringen.<\/p>\n<p>Besonders gut geeignet ist: EIN SPIEL!<\/p>\n<p>Spiele werden mit Freizeit,\u00a0Spa\u00df und Geselligkeit\u00a0assoziiert. Mit einem guten Werbespiel vermitteln Sie Ihre\u00a0ihre Botschaften spielerisch und rufen\u00a0sich\u00a0bei ihren Kunden Spielrunde f\u00fcr Spielrunde in Erinnerung.<\/p>\n<h4>Spieltz Werbespiele Shop &#8211; der erste Onlineshop f\u00fcr Werbespiele<\/h4>\n<p>In unserem<strong>\u00a0<a href=\"http:\/\/spieltz.de\/werbespiele\/\" target=\"_blank\">Spieltz \u202aWerbespiele<\/a><\/strong>\u202c- Shop bieten wir mehr als 50 verschiedene\u00a0Brett- und Kartenspiele zu allen m\u00f6glichen\u00a0Themen und Anl\u00e4ssen. Jedes Spiel\u00a0aus dem Shop ist mit oder ohne Werbeaufdruck erh\u00e4ltlich. Der Werbeaufdruck wird auf Verpackung UND Spielplan angebracht. Zus\u00e4tzlich zu Ihrem Firmenlogo k\u00f6nnen wir f\u00fcr Sie z.B. einen eigenen Slogan oder einen kurzen Text aufdrucken.<\/p>\n<p>Unser\u00a0Sortiment\u00a0umfasst traditionelle Brett- und Kartenspiele wie z.B. Backgammon, M\u00fchle oder Dame\u00a0sowie eigens entwickelte Spiele (sogenannte &#8222;Autorenspiele&#8220;) zu verschiedensten Themen. Die\u00a0Spiele gibt es in unterschiedlichen Formaten, Macharten und Materialien: Kartenspiele, Brettspiele, rollbare Spielpl\u00e4ne aus LKW-Plane oder spielbare Postkarten.<\/p>\n<h4>Spieltz Agentur: Spielentwicklung und Umsetzung (Grafik, Text, Lektorat)<\/h4>\n<p>Sie wollen ein Spiel, das passgenau\u00a0auf Ihr Unternehmen zugeschnitten ist? Sie wollen mit dem Spiel ihre eigenen Produkte in Szene setzen? Fragen Sie uns f\u00fcr Spielentwicklung und Umsetzung Ihres individuellen Spiels an!<br \/>\nWir setzen komplette Spieleprojekte um (Spielentwicklung, grafische Umsetzung, Lektorat, Produktion, Vertrieb) oder \u00fcbernehmen einzelne Aufgaben.<br \/>\n<a href=\"http:\/\/spieltz.de\/agentur\/leistungen\/\" target=\"_blank\">Mehr \u00fcber unsere Agentur-Leistungen.<\/a><\/p>\n<h4>Spieltz Produktion von Brett- und Kartenspielen<\/h4>\n<p>Sie haben Ihr eigenes Spiel bereits entwickelt und umgesetzt und sind auf der Suche nach einem Partner f\u00fcr die Produktion? Wir fertigen komplette Spiele von 1 bis 10.000 Exemplaren an, Sie k\u00f6nnen aber auch einzelne Komponenten bei uns bestellen.<br \/>\n<a href=\"http:\/\/spieltz.de\/agentur\/produktion\/\" target=\"_blank\">Mehr \u00fcber die Produktion von Brett- und Kartenspielen bei Spieltz.<\/a><\/p>\n<h3><\/h3>\n<h4>Spieltz\u00a0Preise<\/h4>\n<ul>\n<li>Im\u00a0<a href=\"http:\/\/spieltz.de\/werbespiele\/\" target=\"_blank\">Spieltz \u202aWerbespiele<\/a>\u202c- Shop finden Sie f\u00fcr jedes Spiel Staffelpreise.<\/li>\n<li><a href=\"http:\/\/spieltz.de\/agentur\/preise-preislisten\/\" target=\"_blank\">F\u00fcr unsere Agenturleistungen und Produktion fordern Sie unsere Preislisten an!<\/a><\/li>\n<\/ul>\n<h4>Spieltz Referenzen<\/h4>\n<p><a href=\"http:\/\/spieltz.de\/agentur\/referenzliste\/\" target=\"_blank\">Hier finden Sie einen Auszug aus unserer Referenzliste.\u00a0<\/a>\u00a0Gerne geben wir Ihnen auf Anfrage Informationen zu den Projekten!<\/p>\n","protected":false},"excerpt":{"rendered":"<p>Werbemittel: Ihr eigenes Spiel als Werbegeschenk Wer auf der Suche nach Werbegeschenken ist, steht vor einer gro\u00dfen Herausforderung: Das Geschenk soll etwas Besonderes sein. Etwas, das\u00a0der Beschenkte\u00a0garantiert noch nicht hat. Etwas, zu dem der Beschenkte\u00a0&#8222;DAS ist aber eine tolle Idee &#8211; wie originell!&#8220; sagt. Etwas, das der Beschenkte gerne benutzt\u00a0\u2013 am besten in geselliger Runde [&hellip;]<\/p>\n","protected":false},"author":1,"featured_media":608,"parent":0,"menu_order":0,"comment_status":"closed","ping_status":"closed","template":"","meta":{"_themeisle_gutenberg_block_has_review":false,"footnotes":""},"_links":{"self":[{"href":"https:\/\/spieltz.de\/agentur\/wp-json\/wp\/v2\/pages\/715"}],"collection":[{"href":"https:\/\/spieltz.de\/agentur\/wp-json\/wp\/v2\/pages"}],"about":[{"href":"https:\/\/spieltz.de\/agentur\/wp-json\/wp\/v2\/types\/page"}],"author":[{"embeddable":true,"href":"https:\/\/spieltz.de\/agentur\/wp-json\/wp\/v2\/users\/1"}],"replies":[{"embeddable":true,"href":"https:\/\/spieltz.de\/agentur\/wp-json\/wp\/v2\/comments?post=715"}],"version-history":[{"count":1,"href":"https:\/\/spieltz.de\/agentur\/wp-json\/wp\/v2\/pages\/715\/revisions"}],"predecessor-version":[{"id":716,"href":"https:\/\/spieltz.de\/agentur\/wp-json\/wp\/v2\/pages\/715\/revisions\/716"}],"wp:featuredmedia":[{"embeddable":true,"href":"https:\/\/spieltz.de\/agentur\/wp-json\/wp\/v2\/media\/608"}],"wp:attachment":[{"href":"https:\/\/spieltz.de\/agentur\/wp-json\/wp\/v2\/media?parent=715"}],"curies":[{"name":"wp","href":"https:\/\/api.w.org\/{rel}","templated":true}]}}