{"id":70,"date":"2014-10-12T03:25:13","date_gmt":"2014-10-12T01:25:13","guid":{"rendered":"http:\/\/spieltz.de\/agentur\/?page_id=70"},"modified":"2026-02-16T02:18:47","modified_gmt":"2026-02-16T00:18:47","slug":"referenzen","status":"publish","type":"page","link":"https:\/\/spieltz.de\/agentur\/referenzen\/","title":{"rendered":"Referenzen"},"content":{"rendered":"\n<h2 class=\"wp-block-heading\">Wer mit uns arbeitet<\/h2>\n\n\n\n<p>Spiele, die wirken \u2013 daran arbeiten wir seit mehr als 15 Jahren. Mit Schulen und Hochschulen, mit DAX-Konzernen und Mittelstand, mit Ministerien, Kommunen, sozialen Tr\u00e4gern und Stiftungen.<\/p>\n\n\n\n<p>\u00dcber 80 Auftraggeber aus ganz unterschiedlichen Bereichen haben uns bereits vertraut. Hier k\u00f6nnen Sie sehen, mit wem wir arbeiten und woran.<\/p>\n\n\n\n<h2 class=\"wp-block-heading\">Unsere Auftraggeber<\/h2>\n\n\n\n<p>Von Bildung \u00fcber Wirtschaft bis zu Zivilgesellschaft \u2013 hier finden Sie unsere Referenzliste nach Bereichen sortiert.<\/p>\n\n\n\n<p><a href=\"https:\/\/spieltz.de\/agentur\/referenzliste\/\" target=\"_blank\" rel=\"noreferrer noopener\"><strong>[Zur Referenzliste nach Bereichen \u2192]<\/strong><\/a><\/p>\n\n\n\n<h2 class=\"wp-block-heading\">Ausgew\u00e4hlte Projekte<\/h2>\n\n\n\n<p>Konkrete Beispiele unserer Arbeit \u2013 von Lernspielen \u00fcber Unternehmenskommunikation bis zu gesellschaftlichen Themen.<\/p>\n\n\n\n<p><strong><a href=\"https:\/\/spieltz.de\/agentur\/projekte\/\" data-type=\"link\" data-id=\"https:\/\/spieltz.de\/agentur\/projekte\/\" target=\"_blank\" rel=\"noreferrer noopener\">[Zu den Projekten \u2192]<\/a><\/strong><\/p>\n\n\n\n<hr class=\"wp-block-separator has-alpha-channel-opacity\"\/>\n\n\n\n<h2 class=\"wp-block-heading\">Interesse?<\/h2>\n\n\n\n<p>Gerne geben wir auf Ihnen Anfrage Informationen zu unseren Projekten.<\/p>\n\n\n\n<p><strong><a href=\"mailto:info@spieltz.de\" target=\"_blank\" rel=\"noreferrer noopener\">info@spieltz.de<\/a><\/strong><\/p>\n","protected":false},"excerpt":{"rendered":"<p>Wer mit uns arbeitet Spiele, die wirken \u2013 daran arbeiten wir seit mehr als 15 Jahren. Mit Schulen und Hochschulen, mit DAX-Konzernen und Mittelstand, mit Ministerien, Kommunen, sozialen Tr\u00e4gern und Stiftungen. \u00dcber 80 Auftraggeber aus ganz unterschiedlichen Bereichen haben uns bereits vertraut. Hier k\u00f6nnen Sie sehen, mit wem wir arbeiten und woran. Unsere Auftraggeber Von [&hellip;]<\/p>\n","protected":false},"author":1,"featured_media":0,"parent":0,"menu_order":0,"comment_status":"open","ping_status":"open","template":"","meta":{"_themeisle_gutenberg_block_has_review":false,"footnotes":""},"_links":{"self":[{"href":"https:\/\/spieltz.de\/agentur\/wp-json\/wp\/v2\/pages\/70"}],"collection":[{"href":"https:\/\/spieltz.de\/agentur\/wp-json\/wp\/v2\/pages"}],"about":[{"href":"https:\/\/spieltz.de\/agentur\/wp-json\/wp\/v2\/types\/page"}],"author":[{"embeddable":true,"href":"https:\/\/spieltz.de\/agentur\/wp-json\/wp\/v2\/users\/1"}],"replies":[{"embeddable":true,"href":"https:\/\/spieltz.de\/agentur\/wp-json\/wp\/v2\/comments?post=70"}],"version-history":[{"count":26,"href":"https:\/\/spieltz.de\/agentur\/wp-json\/wp\/v2\/pages\/70\/revisions"}],"predecessor-version":[{"id":1851,"href":"https:\/\/spieltz.de\/agentur\/wp-json\/wp\/v2\/pages\/70\/revisions\/1851"}],"wp:attachment":[{"href":"https:\/\/spieltz.de\/agentur\/wp-json\/wp\/v2\/media?parent=70"}],"curies":[{"name":"wp","href":"https:\/\/api.w.org\/{rel}","templated":true}]}}