{"id":61,"date":"2014-10-12T03:12:53","date_gmt":"2014-10-12T01:12:53","guid":{"rendered":"http:\/\/spieltz.de\/agentur\/?page_id=61"},"modified":"2025-12-05T05:49:53","modified_gmt":"2025-12-05T03:49:53","slug":"produktion","status":"publish","type":"page","link":"https:\/\/spieltz.de\/agentur\/produktion\/","title":{"rendered":"Produktion"},"content":{"rendered":"\n<p>Wenn die Konzeption, Spielentwicklung und die grafische Umsetzung abgeschlossen sind, folgt die Produktion. Brett- und Kartenspiele produzieren wir in Europa \u2013 von Kleinauflagen bis zu gr\u00f6\u00dferen Auflagen von mehreren tausend Exemplaren.<\/p>\n\n\n\n<p><strong>ACHTUNG \u2013 Produktion von Anfang an mitdenken!<\/strong><\/p>\n\n\n\n<p>Bitte plane bereits bei der Entwicklung deines Spiels die Produktion mit. Es gibt Standardma\u00dfe und Standardkomponenten, die die Produktion deutlich g\u00fcnstiger und unkomplizierter machen. Ist dein Spiel erst fertig entwickelt und designt und enth\u00e4lt Sonderma\u00dfe oder teure Sonderkomponenten, wird es aufw\u00e4ndig und teuer, das wieder umzuorganisieren.<\/p>\n\n\n\n<p><strong>Auch die Auflagenh\u00f6he von Anfang an mitdenken!<\/strong>&nbsp;Je nach St\u00fcckzahl gibt es ganz unterschiedliche Produktionsm\u00f6glichkeiten, Ma\u00dfe und Vorgaben. Was bei 5000 St\u00fcck funktioniert, kann bei 500 St\u00fcck ganz anders aussehen, und bei 50 St\u00fcck nochmal anders. Oder umgekehrt. Wenn wir die geplante Auflage von Beginn an kennen, k\u00f6nnen wir dein Spiel entsprechend entwickeln.<\/p>\n\n\n\n<p><strong>Was wir f\u00fcr dich \u00fcbernehmen:<\/strong><\/p>\n\n\n\n<ul>\n<li>Beratung zu Materialien, Standardma\u00dfen und Produktionsm\u00f6glichkeiten<\/li>\n\n\n\n<li>Auswahl passender Komponenten (Karten, Spielbretter, Schachteln, Spielfiguren, W\u00fcrfel etc.)<\/li>\n\n\n\n<li>Erstellung druckfertiger Daten<\/li>\n\n\n\n<li>Projektmanagement \/ Koordination mit Druckereien und Produktionspartnern<\/li>\n\n\n\n<li>Qualit\u00e4tskontrolle<\/li>\n\n\n\n<li>Erf\u00fcllung der Spielzeugnorm EN 71<\/li>\n\n\n\n<li>Lagerung und Versandabwicklung bei Bedarf<\/li>\n<\/ul>\n\n\n\n<p><strong>Nachhaltige Produktion:<\/strong><\/p>\n\n\n\n<p>Wir lassen alle Komponenten in Europa produzieren, die Spielfiguren in Deutschland. Wir setzen auf umweltschonende Materialien und klimafreundliche Produktionswege.<\/p>\n\n\n\n<p><strong>Kleinauflagen oder gro\u00dfe St\u00fcckzahlen?<\/strong><\/p>\n\n\n\n<p>Beides geht! Ob du 100 Exemplare f\u00fcr ein Bildungsprojekt brauchst oder gr\u00f6\u00dfere Auflagen f\u00fcr den Handel \u2013 wir finden die passende L\u00f6sung. F\u00fcr Prototypen und sehr kleine Auflagen kannst du auch in unserem&nbsp;<a href=\"https:\/\/spieltz-shop.de\/\" target=\"_blank\" rel=\"noreferrer noopener\">Shop&nbsp;<\/a>nach Blankomaterialien suchen und dir professionelle Spiele selber basteln (geht zum Beispiel sehr gut, indem du sie mit Folie \u00fcberziehst).<\/p>\n\n\n\n<p><strong>Unser Tipp:<\/strong>&nbsp;Am besten funktioniert es, wenn wir dein Spiel als Gesamtprojekt begleiten \u2013 von der Konzeption \u00fcber Grafik und Text bis zur Produktion. Dann k\u00f6nnen wir von Anfang an produktionsgerecht entwickeln, was am Ende Zeit, Geld und Nerven spart.<\/p>\n\n\n\n<p><strong>Melde dich per Mail!&nbsp;<a href=\"mailto:info@spieltz.de\">info@spieltz.de<\/a><\/strong><\/p>\n","protected":false},"excerpt":{"rendered":"<p>Wenn die Konzeption, Spielentwicklung und die grafische Umsetzung abgeschlossen sind, folgt die Produktion. Brett- und Kartenspiele produzieren wir in Europa \u2013 von Kleinauflagen bis zu gr\u00f6\u00dferen Auflagen von mehreren tausend Exemplaren. ACHTUNG \u2013 Produktion von Anfang an mitdenken! Bitte plane bereits bei der Entwicklung deines Spiels die Produktion mit. Es gibt Standardma\u00dfe und Standardkomponenten, die [&hellip;]<\/p>\n","protected":false},"author":1,"featured_media":1408,"parent":0,"menu_order":0,"comment_status":"open","ping_status":"open","template":"","meta":{"_themeisle_gutenberg_block_has_review":false,"footnotes":""},"_links":{"self":[{"href":"https:\/\/spieltz.de\/agentur\/wp-json\/wp\/v2\/pages\/61"}],"collection":[{"href":"https:\/\/spieltz.de\/agentur\/wp-json\/wp\/v2\/pages"}],"about":[{"href":"https:\/\/spieltz.de\/agentur\/wp-json\/wp\/v2\/types\/page"}],"author":[{"embeddable":true,"href":"https:\/\/spieltz.de\/agentur\/wp-json\/wp\/v2\/users\/1"}],"replies":[{"embeddable":true,"href":"https:\/\/spieltz.de\/agentur\/wp-json\/wp\/v2\/comments?post=61"}],"version-history":[{"count":12,"href":"https:\/\/spieltz.de\/agentur\/wp-json\/wp\/v2\/pages\/61\/revisions"}],"predecessor-version":[{"id":1752,"href":"https:\/\/spieltz.de\/agentur\/wp-json\/wp\/v2\/pages\/61\/revisions\/1752"}],"wp:featuredmedia":[{"embeddable":true,"href":"https:\/\/spieltz.de\/agentur\/wp-json\/wp\/v2\/media\/1408"}],"wp:attachment":[{"href":"https:\/\/spieltz.de\/agentur\/wp-json\/wp\/v2\/media?parent=61"}],"curies":[{"name":"wp","href":"https:\/\/api.w.org\/{rel}","templated":true}]}}