{"id":536,"date":"2015-11-20T15:25:59","date_gmt":"2015-11-20T13:25:59","guid":{"rendered":"http:\/\/spieltz.de\/agentur\/?page_id=536"},"modified":"2018-01-29T02:05:09","modified_gmt":"2018-01-29T00:05:09","slug":"gestalten","status":"publish","type":"page","link":"https:\/\/spieltz.de\/agentur\/gestalten\/","title":{"rendered":"Brettspiel oder Kartenspiel gestalten lassen oder selbst gestalten"},"content":{"rendered":"<h3>Brettspiel oder Kartenspiel gestalten lassen<\/h3>\n<p><em>Brettspiel \/ Kartenspiel-Design:<\/em> Gerne \u00fcbernehmen wir grafische Umsetzung und Illustration Ihres Spiels. Als Agentur f\u00fcr individuelle Spiele\u00a0bieten wir Spielentwicklung, grafische Gestaltung und Produktion von Brett- und Kartenspielen an, daneben auch Text, Lektorat und \u00dcbersetzungen von Spielanleitungen, Spielkarten etc.<\/p>\n<p>Wir erarbeiten ein\u00a0neues\u00a0Designkonzept\u00a0f\u00fcr Ihr Spiel (Spielbrett, Schachtel, Anleitung, Karten etc.), setzen das Spiel\u00a0nach Ihren Corporate Design Vorgaben um oder oder\u00a0erstellen Druckdateien f\u00fcr Sie auf Basis Ihrer Entw\u00fcrfe oder Skizzen.<\/p>\n<p><a href=\"http:\/\/spieltz.de\/agentur\/leistungen\/grafik-fuer-brettspiel-oder-kartenspiel\/\" target=\"_blank\">Grafik f\u00fcr Brettspiel oder Kartenspiel\u00a0<\/a>\u2013 Infos zur Vorgehensweise + Zusammenarbeit finden Sie\u00a0<a href=\"http:\/\/spieltz.de\/agentur\/leistungen\/grafik-fuer-brettspiel-oder-kartenspiel\/\" target=\"_blank\">hier<\/a>.<\/p>\n<p>Anfrage \/ Angebot einholen:\u00a0<a href=\"mailto:info@spieltz.de\" target=\"_blank\">info@spieltz.de<\/a><\/p>\n<h3>Spiel selbst gestalten: Eigene Druckdateien erstellen und produzieren lassen<\/h3>\n<p>Ihr\u00a0Brettspiel oder Kartenspiel ist bereits fertig entwickelt und grafisch umgesetzt?\u00a0Dann schicken Sie uns die Druckdateien als pdf\u00a0und wir produzieren die Spiele.<br \/>\n<span style=\"text-decoration: underline;\">Brettspiele<\/span> auf LKW-Plane ab 5 Spiele, klassisch auf Graupappe \/ kaschiert + St\u00fclpdeckelschachtel ab 100 Spielen. Spielmaterial wie z.B. Halmakegel in mehr als 30 verschiedenen Farben, W\u00fcrfel, Pl\u00e4ttchen etc.\u00a0k\u00f6nnen Sie dazu bestellen.<br \/>\n<span style=\"text-decoration: underline;\">Kartenspiele: <\/span>Mindestauflage ist abh\u00e4ngig von der Kartengr\u00f6\u00dfe.<\/p>\n<p>Druckdatei richtig erstellen\u00a0<a href=\"http:\/\/spieltz.de\/spieltz-vorgaben-druck\" target=\"_blank\">&gt;VORGABEN F\u00dcR DEN DRUCK<\/a><\/p>\n<p><span style=\"text-decoration: underline;\">Produktion\u00a0<\/span><\/p>\n<p>Was kostet die Produktion meines Spiels?\u00a0&gt;<a href=\"http:\/\/spieltz.de\/angebot-einholen\" target=\"_blank\">ANGEBOT EINHOLEN<\/a><\/p>\n<h3>Fertige Spielkonzepte zu verschiedenen Themen und Anl\u00e4ssen, alle mit eigenem Branding erh\u00e4ltlich<\/h3>\n<p>Besuchen Sie unsere Plattform <a href=\"http:\/\/spieltz.de\/werbespiele\/\" target=\"_blank\">SPIELTZ WERBESPIELE<\/a>!\u00a0Wir\u00a0bieten\u00a0mehr als 30 verschiedene Spiele zu\u00a0unterschiedlichen Themen und Anl\u00e4ssen, die mit Ihrem Logo gebrandet werden k\u00f6nnen. Kartenspiele, Brettspiele, rollbare Spiele und spielbare Postkarten, in verschiedenen Gr\u00f6\u00dfen &#8211; und in Ihren Wunschfarben!<\/p>\n<p>&nbsp;<\/p>\n","protected":false},"excerpt":{"rendered":"<p>Brettspiel oder Kartenspiel gestalten lassen Brettspiel \/ Kartenspiel-Design: Gerne \u00fcbernehmen wir grafische Umsetzung und Illustration Ihres Spiels. Als Agentur f\u00fcr individuelle Spiele\u00a0bieten wir Spielentwicklung, grafische Gestaltung und Produktion von Brett- und Kartenspielen an, daneben auch Text, Lektorat und \u00dcbersetzungen von Spielanleitungen, Spielkarten etc. Wir erarbeiten ein\u00a0neues\u00a0Designkonzept\u00a0f\u00fcr Ihr Spiel (Spielbrett, Schachtel, Anleitung, Karten etc.), setzen das [&hellip;]<\/p>\n","protected":false},"author":1,"featured_media":0,"parent":0,"menu_order":0,"comment_status":"closed","ping_status":"closed","template":"","meta":{"_themeisle_gutenberg_block_has_review":false,"footnotes":""},"_links":{"self":[{"href":"https:\/\/spieltz.de\/agentur\/wp-json\/wp\/v2\/pages\/536"}],"collection":[{"href":"https:\/\/spieltz.de\/agentur\/wp-json\/wp\/v2\/pages"}],"about":[{"href":"https:\/\/spieltz.de\/agentur\/wp-json\/wp\/v2\/types\/page"}],"author":[{"embeddable":true,"href":"https:\/\/spieltz.de\/agentur\/wp-json\/wp\/v2\/users\/1"}],"replies":[{"embeddable":true,"href":"https:\/\/spieltz.de\/agentur\/wp-json\/wp\/v2\/comments?post=536"}],"version-history":[{"count":5,"href":"https:\/\/spieltz.de\/agentur\/wp-json\/wp\/v2\/pages\/536\/revisions"}],"predecessor-version":[{"id":1142,"href":"https:\/\/spieltz.de\/agentur\/wp-json\/wp\/v2\/pages\/536\/revisions\/1142"}],"wp:attachment":[{"href":"https:\/\/spieltz.de\/agentur\/wp-json\/wp\/v2\/media?parent=536"}],"curies":[{"name":"wp","href":"https:\/\/api.w.org\/{rel}","templated":true}]}}