{"id":505,"date":"2015-11-19T02:45:10","date_gmt":"2015-11-19T00:45:10","guid":{"rendered":"http:\/\/spieltz.de\/agentur\/?page_id=505"},"modified":"2016-01-07T04:23:58","modified_gmt":"2016-01-07T02:23:58","slug":"angebot-einholen","status":"publish","type":"page","link":"https:\/\/spieltz.de\/agentur\/preise-preislisten\/angebot-einholen\/","title":{"rendered":"Angebot einholen"},"content":{"rendered":"<h3>Angebot einholen bei Spieltz<\/h3>\n<p>Bitte senden Sie uns per Mail (<a href=\"mailto:info@spieltz.de\" target=\"_blank\">info@spieltz.de<\/a>) folgende Infos:<\/p>\n<ul>\n<li>Auflagenh\u00f6he (oder Staffel-Anfrage, z.B. alternative Angebote f\u00fcr: 100 Spiele, 300 Spiele, 500 Spiele, 1.000 Spiele)<\/li>\n<li>Brett- \/ Planenspiele: Gr\u00f6\u00dfe des Spielfeldes<\/li>\n<li>Gew\u00fcnschtes Material (LKW-Plane, Graupappe kaschiert, Stoff, Teppich&#8230;)<\/li>\n<li>Anzahl \/ Art von Spielfiguren + Zubeh\u00f6r<\/li>\n<li>Spielanleitung: Wie viele Seiten? Schwarzwei\u00df oder Farbdruck?<\/li>\n<li>Produktbrosch\u00fcre?<\/li>\n<li>Kartenspiele oder Zusatzkarten bei Brettspiel:<br \/>\n&#8211; Anzahl der Karten f\u00fcr ein Spiel<br \/>\n&#8211; Gr\u00f6\u00dfe der Karten<br \/>\n&#8211; 1 Sorte Karten oder mehrere?<br \/>\n&#8211; abgerundete Ecken?<\/li>\n<li>andere Bestandteile (Memo-Karten, M\u00fcnzen, Spielgeld etc.)<\/li>\n<\/ul>\n<ul>\n<li>bitte senden Sie uns\u00a0eine Preisvorstellung f\u00fcr das Einzelspiel oder Ihr\u00a0eingeplantes Gesamtbudget mit. Die meisten Komponenten kann man &#8211; je nach Budget und Anforderungen &#8211; in unterschiedlichen Ausf\u00fchrungen und Qualit\u00e4ten herstellen, die den Preis stark beeinflussen.<\/li>\n<\/ul>\n<p>Wir erstellen ein individuelles Angebot.<br \/>\nWir k\u00f6nnen auch externe Komponenten zum Spiel packen.<\/p>\n","protected":false},"excerpt":{"rendered":"<p>Angebot einholen bei Spieltz Bitte senden Sie uns per Mail (info@spieltz.de) folgende Infos: Auflagenh\u00f6he (oder Staffel-Anfrage, z.B. alternative Angebote f\u00fcr: 100 Spiele, 300 Spiele, 500 Spiele, 1.000 Spiele) Brett- \/ Planenspiele: Gr\u00f6\u00dfe des Spielfeldes Gew\u00fcnschtes Material (LKW-Plane, Graupappe kaschiert, Stoff, Teppich&#8230;) Anzahl \/ Art von Spielfiguren + Zubeh\u00f6r Spielanleitung: Wie viele Seiten? Schwarzwei\u00df oder Farbdruck? [&hellip;]<\/p>\n","protected":false},"author":1,"featured_media":0,"parent":400,"menu_order":0,"comment_status":"closed","ping_status":"closed","template":"","meta":{"_themeisle_gutenberg_block_has_review":false,"footnotes":""},"_links":{"self":[{"href":"https:\/\/spieltz.de\/agentur\/wp-json\/wp\/v2\/pages\/505"}],"collection":[{"href":"https:\/\/spieltz.de\/agentur\/wp-json\/wp\/v2\/pages"}],"about":[{"href":"https:\/\/spieltz.de\/agentur\/wp-json\/wp\/v2\/types\/page"}],"author":[{"embeddable":true,"href":"https:\/\/spieltz.de\/agentur\/wp-json\/wp\/v2\/users\/1"}],"replies":[{"embeddable":true,"href":"https:\/\/spieltz.de\/agentur\/wp-json\/wp\/v2\/comments?post=505"}],"version-history":[{"count":5,"href":"https:\/\/spieltz.de\/agentur\/wp-json\/wp\/v2\/pages\/505\/revisions"}],"predecessor-version":[{"id":693,"href":"https:\/\/spieltz.de\/agentur\/wp-json\/wp\/v2\/pages\/505\/revisions\/693"}],"up":[{"embeddable":true,"href":"https:\/\/spieltz.de\/agentur\/wp-json\/wp\/v2\/pages\/400"}],"wp:attachment":[{"href":"https:\/\/spieltz.de\/agentur\/wp-json\/wp\/v2\/media?parent=505"}],"curies":[{"name":"wp","href":"https:\/\/api.w.org\/{rel}","templated":true}]}}