{"id":43,"date":"2014-10-12T01:19:35","date_gmt":"2014-10-11T23:19:35","guid":{"rendered":"http:\/\/spieltz.de\/agentur\/?page_id=43"},"modified":"2021-06-20T01:14:05","modified_gmt":"2021-06-19T23:14:05","slug":"brettspiel-mit-firmen-logo","status":"publish","type":"page","link":"https:\/\/spieltz.de\/agentur\/werbespiele\/brettspiel-mit-firmen-logo\/","title":{"rendered":"Brettspiel mit Firmen-Logo"},"content":{"rendered":"<h3>Brettspiel mit Firmen-Logo<\/h3>\n<p>Sie sind auf der Suche nach einem <em>Brettspiel mit Firmen-Logo<\/em> &#8211; einem Brett- oder Kartenspiel, das f\u00fcr Ihr Unternehmen gebrandet wird?<\/p>\n<p>W\u00e4hlen Sie eines unserer Grunddesigns \u00a0&#8211; mit Ihrem Logo\u00a0und Ihren Unternehmensfarben wird es zum individuellen\u00a0Firmenspiel.\u00a0Besuchen Sie dazu unseren <a href=\"http:\/\/spieltz.de\/werbespiele\/\" target=\"_blank\">Werbespiele Shop<\/a>! Wir bieten Ihnen Spiele zu verschiedensten Themen und Anl\u00e4ssen, die mit Ihrem Logo gebrandet werden k\u00f6nnen. Kartenspiele, Brettspiele, rollbare Spiele und spielbare Postkarten, in verschiedenen Gr\u00f6\u00dfen &#8211; und in Ihren Wunschfarben!<\/p>\n<p>Hier eine Auswahl:<\/p>\n<h4>Brettspiel mit Firmen-Logo: Backgammon<\/h4>\n<p><img decoding=\"async\" class=\"ngg_displayed_gallery mceItem\" src=\"http:\/\/spieltz.de\/agentur\/nextgen-attach_to_post\/preview\/id--50\" alt=\"\" \/><\/p>\n<p>Backgammon ist eines der \u00e4ltesten und meist gespielten Brettspiele der Welt. Bei diesem Spiele-Klassiker spielen sowohl Strategie als auch W\u00fcrfelgl\u00fcck eine Rolle. Die beiden Gegner bewegen ihre Spielsteine gegenl\u00e4ufig \u00fcber die 24 Felder des Spielplanes. Wer es schafft, seine 15 Steine auf seine \u201cHeim-Felder\u201d zu bringen und sie dann als Erster vom Brett zu entfernen (\u201chinauszuw\u00fcrfeln\u201d), gewinnt.<\/p>\n<p><a href=\"http:\/\/spieltz.de\/werbespiele\/shop\/ausfuehrung\/preiskategorie-d\/backgammon-brettspiel-werbespiel\/\" target=\"_blank\">Backgammon als Brettspiel im Spieltz Werbespiele Shop<\/a><\/p>\n<p><a href=\"http:\/\/spieltz.de\/werbespiele\/shop\/ausfuehrung\/preiskategorie-a\/backgammon-rollbares-spiel\/\">Backgammon als rollbares Spiel im Spieltz Werbespiele Shop<\/a><\/p>\n<h4>Brettspiel mit Firmen-Logo:\u00a0Dame<br \/>\n<img decoding=\"async\" class=\"ngg_displayed_gallery mceItem\" src=\"http:\/\/spieltz.de\/agentur\/nextgen-attach_to_post\/preview\/id--89\" alt=\"\" \/><\/h4>\n<p>Das beliebte Damespiel &#8211; ein Strategie-Klassiker f\u00fcr Zwei &#8211; stammt wahrscheinlich aus Frankreich\u00a0und ist seit dem 10. \/ 11. Jahrhundert bekannt. Jeder Spieler erh\u00e4lt 12 Steine, mit denen er in diagonaler Richtung nach vorne ziehen darf. Gegnerische Steine werden durch \u00dcberspringen geschlagen. Ziel des Spiels ist es, dem Gegner alle Zugm\u00f6glichkeiten zu nehmen, also alle gegnerischen Steine zu schlagen oder zu blockieren.<\/p>\n<p><a href=\"http:\/\/spieltz.de\/werbespiele\/shop\/ausfuehrung\/preiskategorie-d\/dame-brettspiel-werbespiel\/\" target=\"_blank\">Dame als Brettspiel im Spieltz Werbespiele-Shop<\/a><\/p>\n<p><a href=\"http:\/\/spieltz.de\/werbespiele\/shop\/ausfuehrung\/preiskategorie-a\/dame-rollbar-werbespiel\/\" target=\"_blank\">Dame als rollbares Spiel im Spieltz Werbespiele Shop<\/a><\/p>\n<h4>Brettspiel mit Firmen-Logo:\u00a0Patcheesi, der Klassiker<br \/>\n<img decoding=\"async\" class=\"ngg_displayed_gallery mceItem\" src=\"http:\/\/spieltz.de\/agentur\/nextgen-attach_to_post\/preview\/id--103\" alt=\"\" \/><\/h4>\n<p>Pachisi ist eines der \u00e4ltesten Spiele der Welt. Es stammt aus Indien und ist dort seit Jahrtausenden bekannt. Gespielt wird in Teams. Ziel ist es, mit allen Spielfiguren das gesamte Spielfeld zu umrunden. Anfangs- sowie Endpunkt der Laufbahn ist f\u00fcr alle Spielfiguren die Mitte des Spielfeldes. Das Team, das es zuerst schafft, alle Spielfiguren wieder in die Mitte zu bringen, hat gewonnen.<\/p>\n<p><a href=\"http:\/\/spieltz.de\/werbespiele\/shop\/ausfuehrung\/preiskategorie-d\/pachisi-%E0%A4%AA%E0%A4%9A%E0%A5%80%E0%A4%B8%E0%A5%80-chaupar-klassiker-aus-indien-brettspiel\/\" target=\"_blank\">Pacheesi als Brettspiel im Spieltz Werbespiele Shop<\/a><\/p>\n<p><a href=\"http:\/\/spieltz.de\/werbespiele\/shop\/ausfuehrung\/preiskategorie-a\/pachisi-%E0%A4%AA%E0%A4%9A%E0%A5%80%E0%A4%B8%E0%A5%80-chaupar-der-klassiker-aus-indien\/\" target=\"_blank\">Pacheesi als rollbares Spiel im Spieltz Werbespiele Shop<\/a><\/p>\n<h4>Brettspiel mit Firmen-Logo: RAUS HIER!<\/h4>\n<p><img decoding=\"async\" class=\"ngg_displayed_gallery mceItem\" src=\"http:\/\/spieltz.de\/agentur\/nextgen-attach_to_post\/preview\/id--117\" alt=\"\" \/><\/p>\n<p>Das Spiel, wie wir es alle kennen und lieben. Erh\u00e4ltlich mit runden, ovalen oder eckigen Spielfeldern. Nat\u00fcrlich in Ihren Unternehmensfarben.<\/p>\n<p><a href=\"http:\/\/spieltz.de\/werbespiele\/shop\/ausfuehrung\/preiskategorie-d\/raus-hier-werbespiel-mensch-aergere-dich-nicht\/\" target=\"_blank\">Raus hier als Brettspiel im Spieltz Werbespiele Shop<\/a><\/p>\n<p><a href=\"http:\/\/spieltz.de\/werbespiele\/shop\/ausfuehrung\/preiskategorie-d\/raus-hier-werbespiel-mensch-aergere-dich-nicht\/\" target=\"_blank\">Raus hier als rollbares Spiel im Werbespiele Shop<\/a><\/p>\n<h4>Brettspiel mit Firmen-Logo:\u00a0Tonkin<\/h4>\n<p><img decoding=\"async\" class=\"ngg_displayed_gallery mceItem\" src=\"http:\/\/spieltz.de\/agentur\/nextgen-attach_to_post\/preview\/id--338\" alt=\"\" \/><\/p>\n<p>Tonkin ist ein Strategiespiel f\u00fcr 2 Spieler ab 8 Jahren. Ende des 19. Jahrhunderts war das Spiel in Frankreich sehr popul\u00e4r.<\/p>\n<p>Zu Beginn des Spiels ist das Spielfeld leer. W\u00e4hrend der ersten Spielphase werden die Spielsteine auf freie Knoten auf dem Spielplan gesetzt. Dann ziehen die Spieler abwechselnd jeweils einen Stein in beliebiger Richtung auf ein freies Nachbarfeld. Wer es schafft, seine Steine so anzuordnen, dass drei, f\u00fcnf oder sieben Steine nebeneinander auf einer Gerade liegen, hat gewonnen.<\/p>\n<p><a href=\"http:\/\/spieltz.de\/werbespiele\/shop\/ausfuehrung\/preiskategorie-d\/tonkin-das-strategie-brettspiel\/\" target=\"_blank\">Tonkin als Brettspiel im Werbespiele Shop<\/a><\/p>\n<p><a href=\"http:\/\/spieltz.de\/werbespiele\/shop\/ausfuehrung\/preiskategorie-a\/tonkin-das-strategie-spiel-rollbar\/\" target=\"_blank\">Tonkin als rollbares Spiel im Werbespiele Shop<\/a><\/p>\n<h4>Brettspiel mit Firmen-Logo:\u00a0Sonnenm\u00fchle<\/h4>\n<p><img decoding=\"async\" class=\"ngg_displayed_gallery mceItem\" src=\"http:\/\/spieltz.de\/agentur\/nextgen-attach_to_post\/preview\/id--340\" alt=\"\" \/><\/p>\n<p>Sonnenm\u00fchle ist eine anspruchsvolle Variante des beliebten Klassikers \u201eM\u00fchle\u201c \u2013 mit 12 statt 9 Steinen pro Spieler. Die Spieler setzen abwechselnd ihre Steine auf die Knotenpunkte des Spielplans, danach wird gezogen. Drei nebeneinander liegende Steine gleicher Farbe bilden eine M\u00dcHLE. Wer eine M\u00fchle gebildet hat, darf dem Gegner einen Stein wegnehmen. Wenn ein Spieler nur mehr 2 Steine hat, ist das Spiel zu Ende. Der andere Spieler ist der Gewinner.<\/p>\n<p><a href=\"http:\/\/spieltz.de\/werbespiele\/shop\/ausfuehrung\/preiskategorie-d\/sonnenmuehle-die-anspruchsvolle-muehle-variante\/\" target=\"_blank\">Sonnenm\u00fchle als Brettspiel im Werbespiele Shop<\/a><\/p>\n<p><a href=\"http:\/\/spieltz.de\/werbespiele\/shop\/ausfuehrung\/preiskategorie-a\/sonnen-muehle-werbespiel-rolle\/\" target=\"_blank\">Sonnenm\u00fchle als rollbares Spiel im Werbespiele Shop<\/a><\/p>\n<h4>Andere Spiele mit\u00a0Ihrem Branding<\/h4>\n<p>Seit 2015 ist\u00a0unser <a href=\"http:\/\/spieltz.de\/werbespiele\" target=\"_blank\">Werbespiele-Shop<\/a> ist online. Dort finden Sie etwa 50 \u00a0Spiele zu verschiedensten Themen und Anl\u00e4ssen.\u00a0Alle Spiele sind mit dem eigenen Branding erh\u00e4ltlich.<\/p>\n<h4>Produktion \/ Herstellung von Spielen<\/h4>\n<p>Sie haben Ihr Spiel bereits entwickelt und grafisch umgesetzt und suchen nun einen Partner f\u00fcr die Produktion? Auch hiermit k\u00f6nnen wir Ihnen dienen: <a href=\"http:\/\/spieltz.de\/agentur\/produktion\/werbespiele-hersteller-herstellung\/\" target=\"_blank\">Spieltz \/ Produktion von Werbespielen.<\/a><\/p>\n","protected":false},"excerpt":{"rendered":"<p>Brettspiel mit Firmen-Logo Sie sind auf der Suche nach einem Brettspiel mit Firmen-Logo &#8211; einem Brett- oder Kartenspiel, das f\u00fcr Ihr Unternehmen gebrandet wird? W\u00e4hlen Sie eines unserer Grunddesigns \u00a0&#8211; mit Ihrem Logo\u00a0und Ihren Unternehmensfarben wird es zum individuellen\u00a0Firmenspiel.\u00a0Besuchen Sie dazu unseren Werbespiele Shop! Wir bieten Ihnen Spiele zu verschiedensten Themen und Anl\u00e4ssen, die mit [&hellip;]<\/p>\n","protected":false},"author":1,"featured_media":608,"parent":59,"menu_order":0,"comment_status":"open","ping_status":"open","template":"","meta":{"_themeisle_gutenberg_block_has_review":false,"footnotes":""},"_links":{"self":[{"href":"https:\/\/spieltz.de\/agentur\/wp-json\/wp\/v2\/pages\/43"}],"collection":[{"href":"https:\/\/spieltz.de\/agentur\/wp-json\/wp\/v2\/pages"}],"about":[{"href":"https:\/\/spieltz.de\/agentur\/wp-json\/wp\/v2\/types\/page"}],"author":[{"embeddable":true,"href":"https:\/\/spieltz.de\/agentur\/wp-json\/wp\/v2\/users\/1"}],"replies":[{"embeddable":true,"href":"https:\/\/spieltz.de\/agentur\/wp-json\/wp\/v2\/comments?post=43"}],"version-history":[{"count":32,"href":"https:\/\/spieltz.de\/agentur\/wp-json\/wp\/v2\/pages\/43\/revisions"}],"predecessor-version":[{"id":1256,"href":"https:\/\/spieltz.de\/agentur\/wp-json\/wp\/v2\/pages\/43\/revisions\/1256"}],"up":[{"embeddable":true,"href":"https:\/\/spieltz.de\/agentur\/wp-json\/wp\/v2\/pages\/59"}],"wp:featuredmedia":[{"embeddable":true,"href":"https:\/\/spieltz.de\/agentur\/wp-json\/wp\/v2\/media\/608"}],"wp:attachment":[{"href":"https:\/\/spieltz.de\/agentur\/wp-json\/wp\/v2\/media?parent=43"}],"curies":[{"name":"wp","href":"https:\/\/api.w.org\/{rel}","templated":true}]}}