{"id":227,"date":"2014-11-10T04:52:09","date_gmt":"2014-11-10T02:52:09","guid":{"rendered":"http:\/\/spieltz.de\/agentur\/?page_id=227"},"modified":"2024-03-22T03:33:43","modified_gmt":"2024-03-22T01:33:43","slug":"werbespiel-entwicklung","status":"publish","type":"page","link":"https:\/\/spieltz.de\/agentur\/werbespiele\/werbespiel-entwicklung\/","title":{"rendered":"Werbespiel-Entwicklung"},"content":{"rendered":"<h3>Spieltz \u2013 Entwicklung\u00a0von Werbespielen<\/h3>\n<p>Sie ben\u00f6tigen Unterst\u00fctzung bei der Spielentwicklung oder suchen einen Partner, der diese Aufgabe komplett f\u00fcr Sie \u00fcbernimmt?<br \/>\nDamit sind Sie bei uns an der richtigen Stelle:\u00a0Gerne entwickeln wir ein Spiel f\u00fcr Sie oder stehen Ihnen im Prozess der Spielentwicklung zur Seite.<\/p>\n<p>Startpunkt einer Spiele-Konzeption ist ein ausf\u00fchrliches Briefing. Gemeinsam werden Ziele, Zielgruppen, Botschaften, Budget u. andere wichtige Parameter festgelegt. Die Entwicklungs- und Testspiel-Phase dauert zwischen 2 &#8211; 3 Wochen (Adaption bew\u00e4hrter Spielmotoriken aus unserem Werbespiele-Katalog) und mehreren Monaten (Entwicklung eines neuen Mechanismus). <a href=\"mailto:info@spieltz.de\" target=\"_blank\" rel=\"noopener\">Kontaktieren Sie uns f\u00fcr ein Angebot!<\/a><\/p>\n<h3>Spieltz &#8211; Werbespiele-Katalog<\/h3>\n<p>Sie suchen\u00a0erprobte und beliebte Spiele, die mit Ihrem Logo gebrandet werden k\u00f6nnen?<\/p>\n<p>In unserem <a href=\"http:\/\/spieltz.de\/werbespiele\/\" target=\"_blank\" rel=\"noopener\">Werbespiele-Katalog<\/a> finden Sie eine gro\u00dfen Auswahl an Brett- und Kartenspielen zu verschiedensten Themen und Anl\u00e4ssen. ALLE Spiele sind mit Ihrem eigenen Branding erh\u00e4ltlich, auch schon in kleinen Mengen. Der Katalog l\u00e4sst sich schnell und effektiv durchsuchen, filtern k\u00f6nnen Sie zum Beispiel nach Thema, Spielformat oder Spielerzahl.<\/p>\n<p>Wir k\u00f6nnen diese Spiele auch f\u00fcr Sie abwandeln und weiterentwickeln.<\/p>\n","protected":false},"excerpt":{"rendered":"<p>Spieltz \u2013 Entwicklung\u00a0von Werbespielen Sie ben\u00f6tigen Unterst\u00fctzung bei der Spielentwicklung oder suchen einen Partner, der diese Aufgabe komplett f\u00fcr Sie \u00fcbernimmt? Damit sind Sie bei uns an der richtigen Stelle:\u00a0Gerne entwickeln wir ein Spiel f\u00fcr Sie oder stehen Ihnen im Prozess der Spielentwicklung zur Seite. Startpunkt einer Spiele-Konzeption ist ein ausf\u00fchrliches Briefing. Gemeinsam werden Ziele, [&hellip;]<\/p>\n","protected":false},"author":1,"featured_media":0,"parent":59,"menu_order":0,"comment_status":"open","ping_status":"open","template":"","meta":{"_themeisle_gutenberg_block_has_review":false,"footnotes":""},"_links":{"self":[{"href":"https:\/\/spieltz.de\/agentur\/wp-json\/wp\/v2\/pages\/227"}],"collection":[{"href":"https:\/\/spieltz.de\/agentur\/wp-json\/wp\/v2\/pages"}],"about":[{"href":"https:\/\/spieltz.de\/agentur\/wp-json\/wp\/v2\/types\/page"}],"author":[{"embeddable":true,"href":"https:\/\/spieltz.de\/agentur\/wp-json\/wp\/v2\/users\/1"}],"replies":[{"embeddable":true,"href":"https:\/\/spieltz.de\/agentur\/wp-json\/wp\/v2\/comments?post=227"}],"version-history":[{"count":10,"href":"https:\/\/spieltz.de\/agentur\/wp-json\/wp\/v2\/pages\/227\/revisions"}],"predecessor-version":[{"id":1456,"href":"https:\/\/spieltz.de\/agentur\/wp-json\/wp\/v2\/pages\/227\/revisions\/1456"}],"up":[{"embeddable":true,"href":"https:\/\/spieltz.de\/agentur\/wp-json\/wp\/v2\/pages\/59"}],"wp:attachment":[{"href":"https:\/\/spieltz.de\/agentur\/wp-json\/wp\/v2\/media?parent=227"}],"curies":[{"name":"wp","href":"https:\/\/api.w.org\/{rel}","templated":true}]}}