{"id":189,"date":"2014-11-02T02:14:13","date_gmt":"2014-11-02T00:14:13","guid":{"rendered":"http:\/\/spieltz.de\/agentur\/?page_id=189"},"modified":"2026-02-28T23:50:11","modified_gmt":"2026-02-28T21:50:11","slug":"team","status":"publish","type":"page","link":"https:\/\/spieltz.de\/agentur\/team\/","title":{"rendered":"Team"},"content":{"rendered":"\n<p><strong>F\u00fcr jedes Projekt stellen wir das passende Team zusammen<\/strong><\/p>\n\n\n\n<p>Aus unserem Kernteam und unserem Netzwerk stellen wir je nach Projektanforderungen das passende Team zusammen. F\u00fcr das Projekt \u201eExit-Games im Themenbereich Diversity und Antidiskriminierung&#8220; haben wir ein interdisziplin\u00e4res Team zusammengestellt, das alle erforderlichen Kompetenzen vereint: Spielentwicklung, P\u00e4dagogik, Diversity-Expertise, Barrierefreiheit, Jugendarbeit und technische Umsetzung. Bei Bedarf erweitern wir das Team um weitere Expert:innen aus unserem Netzwerk.<\/p>\n\n\n\n<ul>\n<li><strong>Karin Janner \u2013 Spielentwicklung, Projektmanagement, Produktion<\/strong><br>Verantwortlich f\u00fcr Gesamtprojektsteuerung, Exit-Game-Konzept und R\u00e4tselmechaniken, Koordination aller Beteiligten und Meilensteine, laufende Abstimmung mit dem Ministerium, Netzwerken und Einbindung externer Partner, Begleitung der \u00d6ffentlichkeitsarbeit und Markteinf\u00fchrung des Spiels. <br>Gr\u00fcnderin und Gesch\u00e4ftsf\u00fchrerin von SPIELTZ. Knapp 20 Jahre Erfahrung in Projektentwicklung und  Projektmanagement mit vielen Beteiligten: Spieleentwicklung f\u00fcr \u00f6ffentliche Auftraggeber, Programmkonzeption im Kultur- und Bildungsbereich, Veranstaltungsorganisation, Community-Projekte. \u00dcbersetzt komplexe Bildungsinhalte in funktionierende spielerische Formate. Hintergrund Pharmazie-Studium und Kulturmanagement-Studium (Schwerp. Projektmanagement, Marketing, Kommunikation, Community-Building).<\/li>\n\n\n\n<li><strong>Lena Janner \u2013 Spielentwicklung, grafische Umsetzung, Videoproduktion<\/strong><br>Verantwortlich f\u00fcr Storyline \/ Storytelling sowie f\u00fcr die grafische Gestaltung und Umsetzung aller Spielmaterialien, Visualisierung der R\u00e4tselmechaniken, barrierefreie Gestaltung sowie Konzeption und Produktion des Werbevideos nach BITV 2.0 (Untertitel, Audiodeskription) in Zusammenarbeit mit externen Barrierefreiheits-Expert:innen. Kommunikationsdesignerin (Bachelor HTW Berlin, Master Visuelle Kommunikation UdK Berlin). Schafft immersive Erlebniswelten &#8211; sowohl in eigenen Formaten als auch f\u00fcr Auftraggeber, und \u00fcbersetzt komplexe Lerninhalte in zug\u00e4ngliche visuelle Formate. Seit 2017 Konzeption und Gestaltung edukativer Brettspiele f\u00fcr Spieltz. Erfahrung in Szenografie und narrativem Design, Videoproduktion. <br><a href=\"https:\/\/spieltz.de\/agentur\/wp-content\/uploads\/2025\/12\/Lena-Janner_Portfolio_November-25.pdf\" target=\"_blank\" rel=\"noreferrer noopener\">Portfolio mit ausgew\u00e4hlten Projekten<\/a> (Storytelling, Dramaturgie, Rauminstallationen, Grafik) <\/li>\n\n\n\n<li><strong>Anja Wrede \u2013 Spielentwicklung, p\u00e4dagogische Beratung<\/strong><br>Verantwortlich f\u00fcr Spielmechaniken, p\u00e4dagogische Konzeption, R\u00e4tseldramaturgie und didaktische Einbettung. <br>Diplom-P\u00e4dagogin und Spieleautorin mit \u00fcber 150 ver\u00f6ffentlichten Spielen bei Verlagen im In- und Ausland (u.a. Ravensburger, HABA, KOSMOS) sowie f\u00fcr \u00f6ffentliche Auftraggeber \u2013 ihre ersten Spiele sind bereits 1995 erschienen. Analoges Spiel ist f\u00fcr sie die Methode, um Begegnungen zu schaffen und Lernen fr\u00f6hlich, ber\u00fchrend und nachhaltig zu erm\u00f6glichen.Spezialisiert auf die Verbindung spielerischer Elemente mit Lerninhalten. Ganzheitliche Ged\u00e4chtnistrainerin (BVGT) und Birkenbihl Practitionerin\u00a9. Seit 1997 Erfahrung in Workshops, Beratung spielerischer Projekte f\u00fcr Bildungseinrichtungen und \u00f6ffentliche Auftraggeber. Lehrbeauftragte an der HSAP Berlin im Bereich Kindheitsp\u00e4dagogik. <br><a href=\"https:\/\/www.anja-wrede.de\/\" target=\"_blank\" rel=\"noreferrer noopener\">Website Anja Wrede<\/a><\/li>\n\n\n\n<li><strong>Sabine Buchner \u2013 Beratung Mobbing bei Jugendlichen<\/strong><br>Verantwortlich f\u00fcr p\u00e4dagogische Beratung zu Mobbing-Thematiken, Sensitivity Reading und Zielgruppenansprache Jugendliche. Mag., Betriebswirtschaftslehre und Wirtschaftsp\u00e4dagogik (WU Wien). Zertifizierte Konflikt- und Mobbingberaterin, systemischer Coach. Seit 2014 selbst\u00e4ndige Trainerin im Bereich Mobbing\/Cybermobbing f\u00fcr Schulen, Lehrende, Eltern und Jugendliche. Langj\u00e4hrige Erfahrung in Gewaltpr\u00e4vention und Akutintervention (No Blame Approach). Lektorin an der Universit\u00e4t f\u00fcr angewandte Kunst, Trainerin f\u00fcr saferinternet.at, Mitarbeit beim Kompetenzzentrum Mobbing des \u00d6sterreichischen Jugendrotkreuz. <br><a href=\"https:\/\/buchnerconsulting.com\/\" data-type=\"link\" data-id=\"https:\/\/buchnerconsulting.com\/\">Website Sabine Buchner<\/a><\/li>\n\n\n\n<li><strong>Nina Cisneros \u2013 Diversit\u00e4tsberatung, Leichte Sprache<\/strong><br>Verantwortlich f\u00fcr barrierefreie Gestaltung aller Spielmaterialien und Begleittexte. Texte und Lektorat, \u00dcbersetzung der Texte in Leichte\/Einfache Sprache, Pr\u00fcfung auf diskriminierungskritische und inklusive Sprache, Diversit\u00e4tsberatung<br>Expertin f\u00fcr Diversit\u00e4t, Inklusion und barrierefreie Kommunikation. Diplomdolmetscherin mit Schwerpunkt auf zug\u00e4nglicher Sprachgestaltung, langj\u00e4hrige Erfahrung als Schriftdolmetscherin. Gr\u00fcnderin und Gesch\u00e4ftsf\u00fchrerin der Orelon GmbH.<br><a href=\"https:\/\/www.orelon.de\/\">Website Nina Cisneros<\/a><\/li>\n\n\n\n<li><strong>Jonas Erne \u2013 Tests mit Jugendgruppen<\/strong><br>Verantwortlich f\u00fcr Organisation und Durchf\u00fchrung der Testspiele mit Jugendgruppen, Dokumentation der Spielabl\u00e4ufe, Sammlung und Auswertung von Feedback zur Verst\u00e4ndlichkeit und Spielmechanik. <br>Theologe mit 25 Jahren Erfahrung in der Jugendarbeit. Gemeindereferent mit langj\u00e4hriger Praxis in der Arbeit mit Jugendlichen unterschiedlicher Hintergr\u00fcnde. Entwickelt innovative Ans\u00e4tze in der Bildungsarbeit, ver\u00f6ffentlicht Unterrichtsmaterialien.<\/li>\n\n\n\n<li><strong>Uwe Janner \u2013 Technik, Hosting, QR-Codes<\/strong><br>Verantwortlich f\u00fcr technische Infrastruktur digitaler Spielelemente, Hosting von Webinhalten, QR-Code-Implementierung, Audio-\/Video-Integration und technisches Setup aller digitalen Komponenten des Exit-Games. <br>Freelance Software Engineer und Cloud Professional mit 30 Jahren Projekterfahrung. Tech Lead und Software Architect mit Schwerpunkt Cloud-Architekturen (AWS, Azure), Web-Hosting und Full-Stack-Entwicklung.<\/li>\n\n\n\n<li><strong>Duha Binici \u2013 Antisemitismus- und rassismuskritische Beratung<\/strong> (extern hinzugezogen)<br>Verantwortlich f\u00fcr fachliche Beratung zu Antisemitismus, Rassismus und Verschw\u00f6rungserz\u00e4hlungen, Sensitivity Reading und Qualit\u00e4tssicherung der Inhalte. Referent f\u00fcr Antisemitismus- und rassismuskritische Bildungsarbeit am Anne Frank Zentrum Berlin, zuvor ju:an-Praxisstelle der Amadeu Antonio Stiftung.<br>Langj\u00e4hrige Erfahrung in Fortbildungen f\u00fcr p\u00e4dagogische Fachkr\u00e4fte, Workshops an Schulen und Jugendeinrichtungen. Expertise in diskriminierungssensibler politischer Bildung mit Jugendlichen, Online-Radikalisierung und Hass im Netz. Autor und Referent zu Themen Antisemitismus, Rassismus und Diversit\u00e4t in der Jugendarbeit.<\/li>\n<\/ul>\n","protected":false},"excerpt":{"rendered":"<p>F\u00fcr jedes Projekt stellen wir das passende Team zusammen Aus unserem Kernteam und unserem Netzwerk stellen wir je nach Projektanforderungen das passende Team zusammen. F\u00fcr das Projekt \u201eExit-Games im Themenbereich Diversity und Antidiskriminierung&#8220; haben wir ein interdisziplin\u00e4res Team zusammengestellt, das alle erforderlichen Kompetenzen vereint: Spielentwicklung, P\u00e4dagogik, Diversity-Expertise, Barrierefreiheit, Jugendarbeit und technische Umsetzung. Bei Bedarf erweitern [&hellip;]<\/p>\n","protected":false},"author":1,"featured_media":0,"parent":0,"menu_order":0,"comment_status":"open","ping_status":"open","template":"","meta":{"_themeisle_gutenberg_block_has_review":false,"footnotes":""},"_links":{"self":[{"href":"https:\/\/spieltz.de\/agentur\/wp-json\/wp\/v2\/pages\/189"}],"collection":[{"href":"https:\/\/spieltz.de\/agentur\/wp-json\/wp\/v2\/pages"}],"about":[{"href":"https:\/\/spieltz.de\/agentur\/wp-json\/wp\/v2\/types\/page"}],"author":[{"embeddable":true,"href":"https:\/\/spieltz.de\/agentur\/wp-json\/wp\/v2\/users\/1"}],"replies":[{"embeddable":true,"href":"https:\/\/spieltz.de\/agentur\/wp-json\/wp\/v2\/comments?post=189"}],"version-history":[{"count":28,"href":"https:\/\/spieltz.de\/agentur\/wp-json\/wp\/v2\/pages\/189\/revisions"}],"predecessor-version":[{"id":1874,"href":"https:\/\/spieltz.de\/agentur\/wp-json\/wp\/v2\/pages\/189\/revisions\/1874"}],"wp:attachment":[{"href":"https:\/\/spieltz.de\/agentur\/wp-json\/wp\/v2\/media?parent=189"}],"curies":[{"name":"wp","href":"https:\/\/api.w.org\/{rel}","templated":true}]}}