{"id":172,"date":"2014-10-30T04:06:42","date_gmt":"2014-10-30T02:06:42","guid":{"rendered":"http:\/\/spieltz.de\/agentur\/?page_id=172"},"modified":"2026-02-16T02:22:16","modified_gmt":"2026-02-16T00:22:16","slug":"projekte","status":"publish","type":"page","link":"https:\/\/spieltz.de\/agentur\/projekte\/","title":{"rendered":"Projekte"},"content":{"rendered":"\n<h3 class=\"wp-block-heading\">Spieltz &#8211; Projekte<\/h3>\n\n\n\n<p><a href=\"https:\/\/spieltz.de\/agentur\/ausgewaehlte-projekte\/\" target=\"_blank\" rel=\"noopener\">Hier einige ausgew\u00e4hlte Projekte v.a. aus dem Bildungsbereich.<\/a><\/p>\n\n\n\n<p>Seit 2010 arbeiten wir mit Auftraggebern aus Bildung, Wirtschaft, Verwaltung und Zivilgesellschaft an Spieleprojekten \u2013 von der Konzeption \u00fcber Grafik und Text bis zur Produktion. Je nach Projekt \u00fcbernehmen wir einzelne Schritte oder begleiten das gesamte Vorhaben.<\/p>\n\n\n\n<p>Hier finden Sie unsere <a href=\"https:\/\/spieltz.de\/agentur\/referenzliste\/\" target=\"_blank\" rel=\"noreferrer noopener\"><strong>Referenzen<\/strong> <\/a>\u2013 eine \u00dcbersicht unserer Auftraggeber nach Bereichen.<\/p>\n\n\n\n<p><strong>N\u00e4heres zu den Projekten gerne auf Anfrage: <a href=\"mailto:info@spieltz.de\">info@spieltz.de<\/a><\/strong><\/p>\n\n\n\n<p>Aus Vertraulichkeitsgr\u00fcnden k\u00f6nnen wir nicht alle Projekte \u00f6ffentlich zeigen \u2013 sprechen Sie uns gerne an, wenn Sie mehr \u00fcber unsere Arbeit in bestimmten Bereichen erfahren m\u00f6chten.<\/p>\n\n\n\n<h2 class=\"wp-block-heading\">F\u00fcr wen wir arbeiten<\/h2>\n\n\n\n<p><strong>Bildung, Wissenschaft &amp; Jugendarbeit<\/strong> Schulen, Hochschulen, au\u00dferschulische Bildungstr\u00e4ger, Forschungseinrichtungen, Jugendverb\u00e4nde<\/p>\n\n\n\n<p><strong>Kommunen &amp; \u00f6ffentliche Verwaltung<\/strong> St\u00e4dte, Landkreise, Ministerien, Beh\u00f6rden<\/p>\n\n\n\n<p><strong>Wirtschaft &amp; Industrie<\/strong> Mittelst\u00e4ndische Unternehmen, Konzerne, vom Start-up bis zum DAX-Unternehmen<\/p>\n\n\n\n<p><strong>Stiftungen, Vereine &amp; soziale Tr\u00e4ger<\/strong> Non-Profit-Organisationen, soziale Tr\u00e4ger, kirchliche Einrichtungen, Demokratiezentren<\/p>\n\n\n\n<p><strong>Agenturen, Beratung &amp; Dienstleister<\/strong> Kommunikationsagenturen, Unternehmensberatungen, spezialisierte Dienstleister<\/p>\n\n\n\n<p><strong>Verlage, Medien &amp; Kreativwirtschaft<\/strong> Verlage, Medienh\u00e4user, Spieleentwickler<\/p>\n\n\n\n<h2 class=\"wp-block-heading\">Themen &amp; Formate<\/h2>\n\n\n\n<p>Wir arbeiten an Spielen f\u00fcr <strong>externe Nutzung<\/strong> (\u00d6ffentlichkeitsarbeit, Kampagnen, Bildungsprogramme, Handel) und f\u00fcr <strong>interne Nutzung<\/strong> (Schulungen, Teamentwicklung, Wissensvermittlung, Change-Prozesse).<\/p>\n\n\n\n<p><strong>F\u00fcr Bildung &amp; gesellschaftliche Themen:<\/strong><\/p>\n\n\n\n<ul>\n<li>Serious Games zu Diversity, Demokratie, Nachhaltigkeit u.a.<\/li>\n\n\n\n<li>Lern- und Unterrichtsspiele<\/li>\n\n\n\n<li>Planspiele und Simulationen<\/li>\n\n\n\n<li>Beteiligungs- und Dialogspiele<\/li>\n\n\n\n<li>Immersive und interaktive Formate<\/li>\n<\/ul>\n\n\n\n<p><strong>F\u00fcr Unternehmen:<\/strong><\/p>\n\n\n\n<ul>\n<li>Schulungs- und Trainingsspiele<\/li>\n\n\n\n<li>F\u00fchrungs- und Teamspiele<\/li>\n\n\n\n<li>Mitarbeiter- und Kundengeschenke<\/li>\n\n\n\n<li>Werbespiele und Giveaways<\/li>\n\n\n\n<li>Spiele zur Produkterkl\u00e4rung und -positionierung<\/li>\n\n\n\n<li>Marketing- und Event-Spiele<\/li>\n\n\n\n<li>Change- und Onboarding-Spiele<\/li>\n<\/ul>\n\n\n\n<p><strong>Formate:<\/strong><\/p>\n\n\n\n<ul>\n<li>Brett- und Kartenspiele<\/li>\n\n\n\n<li>Gro\u00dfformatspiele<\/li>\n\n\n\n<li>Spielbare Installationen<\/li>\n\n\n\n<li>R\u00e4tselrallyes und interaktive Formate<\/li>\n\n\n\n<li>Hybride Spiele (analog mit digitalen Elementen)<\/li>\n<\/ul>\n\n\n\n<h2 class=\"wp-block-heading\">Ihr Projekt mit uns?<\/h2>\n\n\n\n<p>Ob Sie eine erste Idee haben oder schon konkrete Vorstellungen \u2013 wir beraten Sie gerne, welcher Weg f\u00fcr Ihr Spieleprojekt am besten passt. Von der Konzeption \u00fcber Grafik und Text bis zur Produktion begleiten wir Sie professionell und verl\u00e4sslich.<\/p>\n\n\n\n<p><strong>[<a href=\"https:\/\/spieltz.de\/agentur\/leistungen\/\" data-type=\"link\" data-id=\"https:\/\/spieltz.de\/agentur\/leistungen\/\" target=\"_blank\" rel=\"noreferrer noopener\">Unsere Agentur-Leistungen \u2192<\/a>]<\/strong><\/p>\n\n\n\n<p><strong>[<a href=\"https:\/\/spieltz.de\/agentur\/leistungen\/spieltz-portfolio\/\" target=\"_blank\" rel=\"noreferrer noopener\">Das gesamte Spieltz Portfolio \u2192<\/a>]<\/strong><\/p>\n\n\n\n<p><strong>Fragen? Lassen Sie uns sprechen: <a href=\"mailto:info@spieltz.de\">info@spieltz.de<\/a><\/strong><\/p>\n","protected":false},"excerpt":{"rendered":"<p>Spieltz &#8211; Projekte Hier einige ausgew\u00e4hlte Projekte v.a. aus dem Bildungsbereich. Seit 2010 arbeiten wir mit Auftraggebern aus Bildung, Wirtschaft, Verwaltung und Zivilgesellschaft an Spieleprojekten \u2013 von der Konzeption \u00fcber Grafik und Text bis zur Produktion. Je nach Projekt \u00fcbernehmen wir einzelne Schritte oder begleiten das gesamte Vorhaben. Hier finden Sie unsere Referenzen \u2013 eine [&hellip;]<\/p>\n","protected":false},"author":1,"featured_media":0,"parent":0,"menu_order":0,"comment_status":"open","ping_status":"open","template":"","meta":{"_themeisle_gutenberg_block_has_review":false,"footnotes":""},"_links":{"self":[{"href":"https:\/\/spieltz.de\/agentur\/wp-json\/wp\/v2\/pages\/172"}],"collection":[{"href":"https:\/\/spieltz.de\/agentur\/wp-json\/wp\/v2\/pages"}],"about":[{"href":"https:\/\/spieltz.de\/agentur\/wp-json\/wp\/v2\/types\/page"}],"author":[{"embeddable":true,"href":"https:\/\/spieltz.de\/agentur\/wp-json\/wp\/v2\/users\/1"}],"replies":[{"embeddable":true,"href":"https:\/\/spieltz.de\/agentur\/wp-json\/wp\/v2\/comments?post=172"}],"version-history":[{"count":10,"href":"https:\/\/spieltz.de\/agentur\/wp-json\/wp\/v2\/pages\/172\/revisions"}],"predecessor-version":[{"id":1855,"href":"https:\/\/spieltz.de\/agentur\/wp-json\/wp\/v2\/pages\/172\/revisions\/1855"}],"wp:attachment":[{"href":"https:\/\/spieltz.de\/agentur\/wp-json\/wp\/v2\/media?parent=172"}],"curies":[{"name":"wp","href":"https:\/\/api.w.org\/{rel}","templated":true}]}}