{"id":170,"date":"2014-10-30T03:59:24","date_gmt":"2014-10-30T01:59:24","guid":{"rendered":"http:\/\/spieltz.de\/agentur\/?page_id=170"},"modified":"2026-02-16T02:19:30","modified_gmt":"2026-02-16T00:19:30","slug":"referenzliste","status":"publish","type":"page","link":"https:\/\/spieltz.de\/agentur\/referenzliste\/","title":{"rendered":"Referenzliste"},"content":{"rendered":"\n<h2 class=\"wp-block-heading\">Wer mit uns arbeitet<\/h2>\n\n\n\n<p>Seit mehr als 15 Jahren entwickeln, gestalten und produzieren wir Spiele, die etwas bewegen.<\/p>\n\n\n\n<h3 class=\"wp-block-heading\">Unsere Auftraggeber nach Bereichen<\/h3>\n\n\n\n<h4 class=\"wp-block-heading\">Bildung, Wissenschaft &amp; Jugendarbeit<\/h4>\n\n\n\n<p>Agentur f\u00fcr Erwachsenen- und Weiterbildung Niedersachsen, CAJ Di\u00f6zesanverband Tr\u00e4gerwerk Essen e.V., Christliche Arbeiterjugend K\u00f6ln, CJD Jugenddorf Offenburg, Competence Center Begabtenf\u00f6rderung D\u00fcsseldorf, Deutscher Volkshochschulverband e.V., Fachhochschule Salzburg, F\u00f6rderverein der Fachhochschule der Polizei des Landes Brandenburg, F\u00f6rderverein Kurt Moosdorf Schule, GEOMAR Helmholtz-Zentrum f\u00fcr Ozeanforschung Kiel, Jugendkulturservice gGmbH, KjG Di\u00f6zesanverband K\u00f6ln, medienundbildung.com gGmbH, Multimediamobil Nordwest, Zentrum f\u00fcr allgemeine Sprachwissenschaft Berlin<\/p>\n\n\n\n<h4 class=\"wp-block-heading\">Kommunen &amp; \u00f6ffentliche Verwaltung<\/h4>\n\n\n\n<p>Landkreis Hameln-Pyrmont, Stadt Freiburg im Breisgau<\/p>\n\n\n\n<h4 class=\"wp-block-heading\">Wirtschaft &amp; Industrie<\/h4>\n\n\n\n<p>ahg Autohandelsgesellschaft mbH, Allianz SE, BA Unternehmensgruppe, BGHW Berufsgenossenschaft Handel und Warenlogistik, Bombardier Transportation AG, Coblens Eyewear GmbH, coface SA, DB Netz AG M\u00fcnchen, DB Immobilien, Deutsche Bahn AG, Deutsche Sport Marketing GmbH, easyCredit \u2013 TeamBank AG N\u00fcrnberg, GEA Farm Technologies GmbH, Haufe Discovery GmbH, HECTAS Facility Services Stiftung &amp; Co. KG, Limbachgruppe SE, Memmert GmbH + Co.KG, Nordex AG, OMEXOM Service GmbH, PUMA SE, Robert Bosch GmbH, Siemens AG, STEAG New Energies GmbH, Veolia Umweltservice GmbH<\/p>\n\n\n\n<h4 class=\"wp-block-heading\">Stiftungen, Vereine &amp; soziale Tr\u00e4ger<\/h4>\n\n\n\n<p>Amadeu Antonio Stiftung, Arbeiterkammer Wien, Biologische Station Oberberg, Burg Katlenburg, Deutscher Landfrauenverband e.V., Evang.-Luth. Kirchenkreis Hamburg Ost, FireGento e.V., HOPP FOUNDATION for Computer literacy &amp; informatics gGmbH, Landsmannschaft Ostpreu\u00dfen e.V., Lidl Stiftung &amp; Co. KG, MEDIENHAUS GmbH \u2013 publizistisches Zentrum der Evangelischen Kirche in Hessen und Nassau, Sozialdienst katholischer Frauen e.V. M\u00fcnster, stARTconference e.V., Stiftung Deutschland im Plus, Sunrise Communications e.V., Theodor-Wenzel-Werk e.V., Verbraucherzentrale Bundesverband e.V., Wiener Gesundheitsf\u00f6rderung gGmbH<\/p>\n\n\n\n<h4 class=\"wp-block-heading\">Agenturen, Beratung &amp; Dienstleister<\/h4>\n\n\n\n<p>Applause GmbH, brandscape GmbH, corporate quality consulting GmbH, DK Werbeservice GmbH &amp; Co. KG, 11com7 design &amp; media GmbH, imug Beratungsgesellschaft f\u00fcr sozial-\u00f6kologische Innovationen mbH, Innovative Management Partner (IMP) GmbH, Interlutions Frankfurt GmbH, Minga Consulting GmbH, PRO+CO Public Relations GmbH + CO KG, Q_PERIOR AG, Risk Experts Risiko Engineering GmbH, SPIRIT Agentur f\u00fcr Kommunikation GmbH<\/p>\n\n\n\n<h4 class=\"wp-block-heading\">Verlage, Medien &amp; Kreativwirtschaft<\/h4>\n\n\n\n<p>Dussmann \u2013 das Kulturkaufhaus GmbH, Edition Essentia, Editions Foulland, KOSA Games GmbH, Playful Business GbR, Verlag f\u00fcr Therapiematerial Engelhardt GbR<\/p>\n\n\n\n<h3 class=\"wp-block-heading\">Sonstige<\/h3>\n\n\n\n<p>Aggerverband NRW, FRACHTKAMPAGNE Fracht- und Zollberatung, Lehmann Pr\u00e4sentationssysteme GmbH, Liebert\u00e9 GbR, Neue Welten Design, Sp\u00e4th Knoll GmbH, VPAC, Regional Support Center (RCC) Frankfurt<\/p>\n\n\n\n<p><a href=\"https:\/\/spieltz.de\/agentur\/referenzen-alphabetisch\/\" target=\"_blank\" rel=\"noreferrer noopener\">Referenzliste alphabetisch<\/a><\/p>\n\n\n\n<h3 class=\"wp-block-heading\">Mehr Infos?<\/h3>\n\n\n\n<p>Gerne geben wir Ihnen auf Anfrage Informationen zu unseren Projekten.<\/p>\n\n\n\n<p><strong>Sprich uns an: <a href=\"mailto:info@spieltz.de\">info@spieltz.de<\/a><\/strong><\/p>\n","protected":false},"excerpt":{"rendered":"<p>Wer mit uns arbeitet Seit mehr als 15 Jahren entwickeln, gestalten und produzieren wir Spiele, die etwas bewegen. Unsere Auftraggeber nach Bereichen Bildung, Wissenschaft &amp; Jugendarbeit Agentur f\u00fcr Erwachsenen- und Weiterbildung Niedersachsen, CAJ Di\u00f6zesanverband Tr\u00e4gerwerk Essen e.V., Christliche Arbeiterjugend K\u00f6ln, CJD Jugenddorf Offenburg, Competence Center Begabtenf\u00f6rderung D\u00fcsseldorf, Deutscher Volkshochschulverband e.V., Fachhochschule Salzburg, F\u00f6rderverein der Fachhochschule [&hellip;]<\/p>\n","protected":false},"author":1,"featured_media":0,"parent":0,"menu_order":0,"comment_status":"open","ping_status":"open","template":"","meta":{"_themeisle_gutenberg_block_has_review":false,"footnotes":""},"_links":{"self":[{"href":"https:\/\/spieltz.de\/agentur\/wp-json\/wp\/v2\/pages\/170"}],"collection":[{"href":"https:\/\/spieltz.de\/agentur\/wp-json\/wp\/v2\/pages"}],"about":[{"href":"https:\/\/spieltz.de\/agentur\/wp-json\/wp\/v2\/types\/page"}],"author":[{"embeddable":true,"href":"https:\/\/spieltz.de\/agentur\/wp-json\/wp\/v2\/users\/1"}],"replies":[{"embeddable":true,"href":"https:\/\/spieltz.de\/agentur\/wp-json\/wp\/v2\/comments?post=170"}],"version-history":[{"count":22,"href":"https:\/\/spieltz.de\/agentur\/wp-json\/wp\/v2\/pages\/170\/revisions"}],"predecessor-version":[{"id":1852,"href":"https:\/\/spieltz.de\/agentur\/wp-json\/wp\/v2\/pages\/170\/revisions\/1852"}],"wp:attachment":[{"href":"https:\/\/spieltz.de\/agentur\/wp-json\/wp\/v2\/media?parent=170"}],"curies":[{"name":"wp","href":"https:\/\/api.w.org\/{rel}","templated":true}]}}