{"id":141,"date":"2014-10-18T03:24:28","date_gmt":"2014-10-18T01:24:28","guid":{"rendered":"http:\/\/spieltz.de\/agentur\/?page_id=141"},"modified":"2026-02-16T02:02:27","modified_gmt":"2026-02-16T00:02:27","slug":"workshops-kurse","status":"publish","type":"page","link":"https:\/\/spieltz.de\/agentur\/workshops-kurse\/","title":{"rendered":"Workshops + Kurse"},"content":{"rendered":"\n<h2 class=\"wp-block-heading\">Workshops &amp; Kurse f\u00fcr Unternehmen und Bildungstr\u00e4ger<\/h2>\n\n\n\n<p>Sie wollen Spiele in Ihrer Organisation einsetzen, selbst entwickeln oder Ihr Team spielerisch weiterbilden? Wir bieten Workshops und Onlinekurse, die auf Ihre Bed\u00fcrfnisse zugeschnitten sind.<\/p>\n\n\n\n<h3 class=\"wp-block-heading\">Workshops \u2013 individuell auf Sie zugeschnitten<\/h3>\n\n\n\n<p>Wir konzipieren Workshops nach Ihren Bed\u00fcrfnissen \u2013 halbt\u00e4gig, ganzt\u00e4gig oder als mehrteilige Reihe. Vor Ort oder online.<\/p>\n\n\n\n<p><strong>M\u00f6gliche Themen:<\/strong><\/p>\n\n\n\n<ul>\n<li>Spiele im Unterricht und in der Bildungsarbeit gezielt einsetzen<\/li>\n\n\n\n<li>Lernspiele f\u00fcr die eigene Einrichtung entwickeln<\/li>\n\n\n\n<li>Spielerische Wissensvermittlung konzipieren<\/li>\n\n\n\n<li>Gemeinsam Spiele entwickeln als Teambuilding-Ma\u00dfnahme<\/li>\n\n\n\n<li>Serious Games verstehen und umsetzen: Potenzial einsch\u00e4tzen, Aufwand kalkulieren, den richtigen Weg w\u00e4hlen<\/li>\n<\/ul>\n\n\n\n<h3 class=\"wp-block-heading\">Onlinekurse \u2013 praxisnah und kompakt<\/h3>\n\n\n\n<p><strong>Serious Games verstehen und umsetzen<\/strong><br>Potenzial einsch\u00e4tzen, Aufwand kalkulieren, den richtigen Weg w\u00e4hlen \u2013 f\u00fcr Entscheider und Projektverantwortliche. \u2192 <a href=\"https:\/\/spieltz.de\/agentur\/onlinekurs-serious-games-entwickeln-lassen\/\" data-type=\"link\" data-id=\"https:\/\/spieltz.de\/agentur\/onlinekurs-serious-games-entwickeln-lassen\/\" target=\"_blank\" rel=\"noreferrer noopener\">[Zum Kurs]<\/a><\/p>\n\n\n\n<p><strong>Spiel entwickeln und produzieren \u2013 Crashkurs f\u00fcr Unternehmen und Institutionen<\/strong><br>Von der Themenfindung \u00fcber Spielmechanik und didaktische Konzeption bis zur Produktion. F\u00fcr alle, die ein eigenes Spiel umsetzen m\u00f6chten.<\/p>\n\n\n\n<h3 class=\"wp-block-heading\">F\u00fcr Spieleentwickler &amp; Selbstst\u00e4ndige<\/h3>\n\n\n\n<p>Sie entwickeln selbst Spiele oder m\u00f6chten damit starten? Unser Kursangebot f\u00fcr Spieleautor*innen finden Sie auf einer separaten Seite. \u2192 <a href=\"https:\/\/spieltz.de\/home\/kurse-fuer-spieleentwickler\/\" data-type=\"link\" data-id=\"https:\/\/spieltz.de\/home\/kurse-fuer-spieleentwickler\/\" target=\"_blank\" rel=\"noreferrer noopener\">[Kurse f\u00fcr Spieleentwickler]<\/a><\/p>\n\n\n\n<h3 class=\"wp-block-heading\">Interesse?<\/h3>\n\n\n\n<p><strong>Schreiben Sie uns f\u00fcr alle Details:<\/strong> <a href=\"mailto:info@spieltz.de\">info@spieltz.de<\/a><\/p>\n\n\n\n<hr class=\"wp-block-separator has-alpha-channel-opacity\"\/>\n","protected":false},"excerpt":{"rendered":"<p>Workshops &amp; Kurse f\u00fcr Unternehmen und Bildungstr\u00e4ger Sie wollen Spiele in Ihrer Organisation einsetzen, selbst entwickeln oder Ihr Team spielerisch weiterbilden? Wir bieten Workshops und Onlinekurse, die auf Ihre Bed\u00fcrfnisse zugeschnitten sind. Workshops \u2013 individuell auf Sie zugeschnitten Wir konzipieren Workshops nach Ihren Bed\u00fcrfnissen \u2013 halbt\u00e4gig, ganzt\u00e4gig oder als mehrteilige Reihe. Vor Ort oder online. [&hellip;]<\/p>\n","protected":false},"author":1,"featured_media":0,"parent":0,"menu_order":0,"comment_status":"open","ping_status":"open","template":"","meta":{"_themeisle_gutenberg_block_has_review":false,"footnotes":""},"_links":{"self":[{"href":"https:\/\/spieltz.de\/agentur\/wp-json\/wp\/v2\/pages\/141"}],"collection":[{"href":"https:\/\/spieltz.de\/agentur\/wp-json\/wp\/v2\/pages"}],"about":[{"href":"https:\/\/spieltz.de\/agentur\/wp-json\/wp\/v2\/types\/page"}],"author":[{"embeddable":true,"href":"https:\/\/spieltz.de\/agentur\/wp-json\/wp\/v2\/users\/1"}],"replies":[{"embeddable":true,"href":"https:\/\/spieltz.de\/agentur\/wp-json\/wp\/v2\/comments?post=141"}],"version-history":[{"count":15,"href":"https:\/\/spieltz.de\/agentur\/wp-json\/wp\/v2\/pages\/141\/revisions"}],"predecessor-version":[{"id":1841,"href":"https:\/\/spieltz.de\/agentur\/wp-json\/wp\/v2\/pages\/141\/revisions\/1841"}],"wp:attachment":[{"href":"https:\/\/spieltz.de\/agentur\/wp-json\/wp\/v2\/media?parent=141"}],"curies":[{"name":"wp","href":"https:\/\/api.w.org\/{rel}","templated":true}]}}