{"id":1156,"date":"2018-02-25T03:58:51","date_gmt":"2018-02-25T01:58:51","guid":{"rendered":"http:\/\/spieltz.de\/agentur\/?page_id=1156"},"modified":"2018-02-25T03:58:51","modified_gmt":"2018-02-25T01:58:51","slug":"riesen-spiele-fuer-senioren-schulen-kindergaerten-veranstaltungen","status":"publish","type":"page","link":"https:\/\/spieltz.de\/agentur\/riesen-spiele-fuer-senioren-schulen-kindergaerten-veranstaltungen\/","title":{"rendered":"Riesen Spiele &#8211; f\u00fcr Senioren, Schulen, Kinderg\u00e4rten, Veranstaltungen"},"content":{"rendered":"<p>ALLE\u00a0Spieltz Spiele sind auch in Gro\u00dfdruck Versionen erh\u00e4ltlich. Die Spielpl\u00e4ne f\u00fcr unsere Riesen-Spiele werden auf LKW-Plane gedruckt. Zusammen mit\u00a0Spielfiguren und Anleitung werden sie in eine Rolle verpackt.<\/p>\n","protected":false},"excerpt":{"rendered":"<p>ALLE\u00a0Spieltz Spiele sind auch in Gro\u00dfdruck Versionen erh\u00e4ltlich. Die Spielpl\u00e4ne f\u00fcr unsere Riesen-Spiele werden auf LKW-Plane gedruckt. Zusammen mit\u00a0Spielfiguren und Anleitung werden sie in eine Rolle verpackt.<\/p>\n","protected":false},"author":1,"featured_media":0,"parent":0,"menu_order":0,"comment_status":"closed","ping_status":"closed","template":"","meta":{"_themeisle_gutenberg_block_has_review":false,"footnotes":""},"_links":{"self":[{"href":"https:\/\/spieltz.de\/agentur\/wp-json\/wp\/v2\/pages\/1156"}],"collection":[{"href":"https:\/\/spieltz.de\/agentur\/wp-json\/wp\/v2\/pages"}],"about":[{"href":"https:\/\/spieltz.de\/agentur\/wp-json\/wp\/v2\/types\/page"}],"author":[{"embeddable":true,"href":"https:\/\/spieltz.de\/agentur\/wp-json\/wp\/v2\/users\/1"}],"replies":[{"embeddable":true,"href":"https:\/\/spieltz.de\/agentur\/wp-json\/wp\/v2\/comments?post=1156"}],"version-history":[{"count":1,"href":"https:\/\/spieltz.de\/agentur\/wp-json\/wp\/v2\/pages\/1156\/revisions"}],"predecessor-version":[{"id":1157,"href":"https:\/\/spieltz.de\/agentur\/wp-json\/wp\/v2\/pages\/1156\/revisions\/1157"}],"wp:attachment":[{"href":"https:\/\/spieltz.de\/agentur\/wp-json\/wp\/v2\/media?parent=1156"}],"curies":[{"name":"wp","href":"https:\/\/api.w.org\/{rel}","templated":true}]}}