{"id":1050,"date":"2017-09-25T02:28:59","date_gmt":"2017-09-25T00:28:59","guid":{"rendered":"http:\/\/spieltz.de\/agentur\/?page_id=1050"},"modified":"2019-02-13T00:05:29","modified_gmt":"2019-02-12T22:05:29","slug":"individuelles-backgammon-mit-logo","status":"publish","type":"page","link":"https:\/\/spieltz.de\/agentur\/werbespiele\/individuelles-backgammon-mit-logo\/","title":{"rendered":"Individuelles Backgammon mit Ihrem Logo"},"content":{"rendered":"<h3>Individuelles Backgammon mit Ihrem Logo<\/h3>\n<p>Sie suchen ein <em>individuelles Backgammon<\/em>, z.B. als Geschenk f\u00fcr Ihre Kunden oder Mitarbeiter?<\/p>\n<p>Wir produzieren Ihr individuelles Backgammon-Spiel komplett nach Ihren W\u00fcnschen &#8211; schon ab einer Auflagenh\u00f6he von 10 Spielen.<\/p>\n<p>Spielplan und Verpackung k\u00f6nnen komplett an Ihr\u00a0Corporate Design angepasst werden: Farben, Schriften, Logo \/ Werbeaufdruck. Die Position und Gr\u00f6\u00dfe des Logos k\u00f6nnen Sie frei w\u00e4hlen, und auch die passenden Spielfiguren gibt es dazu: Backgammon-Steine aus lackiertem Holz in verschiedenen Gr\u00f6\u00dfen und Farben.<\/p>\n<p>F\u00fcr kleinere Auflagen (10 bis 1.000 Spiele) haben wir neben der klassischen Variante aus Karton eine g\u00fcnstigere Alternative im Programm: Rollbare Spielpl\u00e4ne, die auf LKW-Plane gedruckt werden. Zusammen mit Anleitung und Spielsteinen wird der Spielplan in eine Rolle gepackt (wei\u00df lackierte Pappe oder durchsichtiges PVC).<\/p>\n<p>Besuchen Sie unseren <a href=\"http:\/\/spieltz.de\/werbespiele\/\" target=\"_blank\">Onlineshop f\u00fcr Werbespiele<\/a>!\u00a0Neben Klassikern wie Backgammon oder Halma finden Sie dort auch besondere Spiele zu unterschiedlichen Themen, zum Beispiel mehrere Weihnachtsspiele. Insgesamt umfasst unser Programm\u00a0mehr als 30 verschiede Spiele, die wir f\u00fcr Sie branden k\u00f6nnen.<\/p>\n<p><strong>Links:<\/strong><\/p>\n<ul>\n<li><a href=\"http:\/\/spieltz.de\/werbespiele\/shop\/ausfuehrung\/preiskategorie-d\/backgammon-brettspiel-werbespiel\/\" target=\"_blank\">Backgammon als Brettspiel im Spieltz Werbespiele Shop<\/a><\/li>\n<li><a href=\"http:\/\/spieltz.de\/werbespiele\/shop\/ausfuehrung\/preiskategorie-a\/backgammon-rollbares-spiel\/\" target=\"_blank\">Backgammon als rollbares Spiel im Spieltz Werbespiele-Shop<\/a><\/li>\n<\/ul>\n<p>F\u00fcr Kunden mit noch individuelleren W\u00fcnschen k\u00f6nnen wir unsere Basis-Spielkonzepte so erweitern, dass die Produkte des Unternehmens eine Rolle spielen, oder komplett neue Spiele entwickelt werden.<\/p>\n<h3>Backgammon \u2013 das Spiel<\/h3>\n<ul>\n<li>Anzahl Spieler: 2 Spieler<\/li>\n<li>Empfohlenes Spielalter: ab 8 Jahren<\/li>\n<li>Spieldauer: 20 \u2013 30 Minuten<\/li>\n<\/ul>\n<p>Backgammon ist eines der \u00e4ltesten und bekanntesten Brettspiele der Welt. Bei diesem Klassiker spielen sowohl Strategie als auch W\u00fcrfelgl\u00fcck eine Rolle. Die beiden Gegner bewegen ihre Spielsteine gegenl\u00e4ufig \u00fcber die 24 Felder des Spielplanes. Wer es schafft, seine 15 Steine auf seine \u201cHeim-Felder\u201d zu bringen und sie dann als Erster vom Brett zu entfernen (\u201chinauszuw\u00fcrfeln\u201d), gewinnt.<\/p>\n<p><a href=\"http:\/\/spieltz.de\/agentur\/wp-content\/uploads\/2017\/09\/individuelles-backgammon-mit-logo-spieltz.jpg\" rel=\"attachment wp-att-1060\"><img loading=\"lazy\" decoding=\"async\" class=\"alignnone size-full wp-image-1060\" src=\"http:\/\/spieltz.de\/agentur\/wp-content\/uploads\/2017\/09\/individuelles-backgammon-mit-logo-spieltz.jpg\" alt=\"individuelles backgammon mit logo - spieltz\" width=\"640\" height=\"428\" srcset=\"https:\/\/spieltz.de\/agentur\/wp-content\/uploads\/2017\/09\/individuelles-backgammon-mit-logo-spieltz.jpg 640w, https:\/\/spieltz.de\/agentur\/wp-content\/uploads\/2017\/09\/individuelles-backgammon-mit-logo-spieltz-300x201.jpg 300w\" sizes=\"(max-width: 640px) 100vw, 640px\" \/><\/a><\/p>\n<p><a href=\"http:\/\/spieltz.de\/agentur\/wp-content\/uploads\/2017\/09\/individuelles-backgammon.jpg\" rel=\"attachment wp-att-1061\"><img loading=\"lazy\" decoding=\"async\" class=\"alignnone size-full wp-image-1061\" src=\"http:\/\/spieltz.de\/agentur\/wp-content\/uploads\/2017\/09\/individuelles-backgammon.jpg\" alt=\"individuelles backgammon\" width=\"640\" height=\"640\" srcset=\"https:\/\/spieltz.de\/agentur\/wp-content\/uploads\/2017\/09\/individuelles-backgammon.jpg 640w, https:\/\/spieltz.de\/agentur\/wp-content\/uploads\/2017\/09\/individuelles-backgammon-150x150.jpg 150w, https:\/\/spieltz.de\/agentur\/wp-content\/uploads\/2017\/09\/individuelles-backgammon-300x300.jpg 300w\" sizes=\"(max-width: 640px) 100vw, 640px\" \/><\/a><\/p>\n<p><a href=\"http:\/\/spieltz.de\/agentur\/wp-content\/uploads\/2017\/09\/individuelles-backgammon-spiel.jpg\" rel=\"attachment wp-att-1062\"><img loading=\"lazy\" decoding=\"async\" class=\"alignnone size-full wp-image-1062\" src=\"http:\/\/spieltz.de\/agentur\/wp-content\/uploads\/2017\/09\/individuelles-backgammon-spiel.jpg\" alt=\"individuelles backgammon spiel\" width=\"640\" height=\"593\" srcset=\"https:\/\/spieltz.de\/agentur\/wp-content\/uploads\/2017\/09\/individuelles-backgammon-spiel.jpg 640w, https:\/\/spieltz.de\/agentur\/wp-content\/uploads\/2017\/09\/individuelles-backgammon-spiel-300x278.jpg 300w\" sizes=\"(max-width: 640px) 100vw, 640px\" \/><\/a><\/p>\n<h3>Andere\u00a0individuelle \/ gebrandete Spiele<\/h3>\n<p>Auch von anderen Spiele-Klassikern, z.B. Backgammon, M\u00fchle oder\u00a0&#8222;Raus hier&#8220; (Ludo) k\u00f6nnen Sie Ihre individuelle Version bestellen.<\/p>\n<p>Auf der Plattform\u00a0<a href=\"http:\/\/spieltz.de\/werbespiele\/\">SPIELTZ WERBESPIELE<\/a>\u00a0gibt es mehr als 30 verschiedene Spiele, die wir f\u00fcr unsere Kunden branden k\u00f6nnen. Die Spiele gibt es in verschiedenen Gr\u00f6\u00dfen (Reisespiel \/ Standardgr\u00f6\u00dfe \/ Riesen-Spiel) und es sind bei jedem Produkt Staffelpreise zu finden.<\/p>\n<p><strong>Individuelle \/ gebrandete Spiele zu verschiedensten Themen und Anl\u00e4ssen<\/strong><\/p>\n<p>Neben Brett- und Kartenspiel-Klassikern bieten wir Spiele zu verschiedensten Themen und Anl\u00e4ssen an, wie z.B. zum\u00a0<a href=\"http:\/\/spieltz.de\/werbespiele\/?swoof=1&amp;product_cat=weihnachten\">Thema Weihnachten<\/a>.<\/p>\n<p><strong>Entwicklung eines eigenen Spiele-Konzeptes f\u00fcr Sie<\/strong><\/p>\n<p>F\u00fcr Kunden, die sich ein noch individuelleres Spiel w\u00fcnschen, entwickeln wir eigene Spielkonzepte. Auch die grafische Konzeption und Umsetzung, das Texten, Lektorieren und \u00dcbersetzen von Anleitungen und Kartentexten\u00a0geh\u00f6ren zu unserem Portfolio.<\/p>\n<p>\u2014<\/p>\n<p>Keywords: individuelles backgammon,\u00a0backgammon personalisiert,\u00a0backgammon mit branding,\u00a0backgammon individuell<\/p>\n<p>&nbsp;<\/p>\n","protected":false},"excerpt":{"rendered":"<p>Individuelles Backgammon mit Ihrem Logo Sie suchen ein individuelles Backgammon, z.B. als Geschenk f\u00fcr Ihre Kunden oder Mitarbeiter? Wir produzieren Ihr individuelles Backgammon-Spiel komplett nach Ihren W\u00fcnschen &#8211; schon ab einer Auflagenh\u00f6he von 10 Spielen. Spielplan und Verpackung k\u00f6nnen komplett an Ihr\u00a0Corporate Design angepasst werden: Farben, Schriften, Logo \/ Werbeaufdruck. Die Position und Gr\u00f6\u00dfe des [&hellip;]<\/p>\n","protected":false},"author":1,"featured_media":0,"parent":59,"menu_order":0,"comment_status":"closed","ping_status":"closed","template":"","meta":{"_themeisle_gutenberg_block_has_review":false,"footnotes":""},"_links":{"self":[{"href":"https:\/\/spieltz.de\/agentur\/wp-json\/wp\/v2\/pages\/1050"}],"collection":[{"href":"https:\/\/spieltz.de\/agentur\/wp-json\/wp\/v2\/pages"}],"about":[{"href":"https:\/\/spieltz.de\/agentur\/wp-json\/wp\/v2\/types\/page"}],"author":[{"embeddable":true,"href":"https:\/\/spieltz.de\/agentur\/wp-json\/wp\/v2\/users\/1"}],"replies":[{"embeddable":true,"href":"https:\/\/spieltz.de\/agentur\/wp-json\/wp\/v2\/comments?post=1050"}],"version-history":[{"count":6,"href":"https:\/\/spieltz.de\/agentur\/wp-json\/wp\/v2\/pages\/1050\/revisions"}],"predecessor-version":[{"id":1179,"href":"https:\/\/spieltz.de\/agentur\/wp-json\/wp\/v2\/pages\/1050\/revisions\/1179"}],"up":[{"embeddable":true,"href":"https:\/\/spieltz.de\/agentur\/wp-json\/wp\/v2\/pages\/59"}],"wp:attachment":[{"href":"https:\/\/spieltz.de\/agentur\/wp-json\/wp\/v2\/media?parent=1050"}],"curies":[{"name":"wp","href":"https:\/\/api.w.org\/{rel}","templated":true}]}}